{"id":138508,"date":"2024-03-26T17:46:28","date_gmt":"2024-03-26T17:46:28","guid":{"rendered":"https:\/\/casinorust.com\/strategia-vincente-per-il-blackjack\/"},"modified":"2024-03-26T17:46:28","modified_gmt":"2024-03-26T17:46:28","slug":"strategia-vincente-per-il-blackjack","status":"publish","type":"page","link":"https:\/\/casinorust.com\/it\/strategia-vincente-per-il-blackjack\/","title":{"rendered":"Strategia vincente per il blackjack"},"content":{"rendered":"<h2><b>Padroneggiare il blackjack online: strategie per il successo<\/b><\/h2>\n<p><span style=\"font-weight: 400;\">Il blackjack \u00e8 uno dei pi\u00f9 popolari e classici giochi di carte presenti nei casin\u00f2 di tutto il mondo. Con l&#8217;avvento del gioco d&#8217;azzardo online, il blackjack \u00e8 diventato accessibile a un pubblico pi\u00f9 vasto, permettendo ai giocatori di divertirsi comodamente da casa. Sebbene il blackjack sia relativamente semplice da capire, la padronanza del gioco richiede strategia, abilit\u00e0 e un pizzico di fortuna. In questo articolo approfondiremo le strategie vincenti per giocare a blackjack in un casin\u00f2 online.<\/span><\/p>\n<h2><b>Capire le basi del blackjack online<\/b><\/h2>\n<p><span style=\"font-weight: 400;\">Prima di immergersi nelle strategie, \u00e8 essenziale comprendere le regole di base del blackjack online. L&#8217;obiettivo \u00e8 quello di battere la mano del banco senza superare il 21. Ogni carta ha un valore in punti: le carte coperte valgono 10, le carte numeriche valgono il loro valore nominale e gli assi possono valere 1 o 11. I giochi iniziano tipicamente con il piazzamento delle scommesse da parte dei giocatori, seguito dalla distribuzione di due carte a ciascun giocatore e al banco. I giocatori decidono quindi se &#8220;colpire&#8221; (prendere un&#8217;altra carta), &#8220;stare&#8221; (mantenere la mano attuale), &#8220;raddoppiare&#8221; (raddoppiare la puntata e prendere un&#8217;ultima carta) o &#8220;dividere&#8221; (se hanno una coppia, dividerla in due mani separate).<\/span><\/p>\n<h2><b>Diversi tipi di giochi di blackjack online<\/b><\/h2>\n<p><span style=\"font-weight: 400;\">I casin\u00f2 online offrono diversi giochi di blackjack, ognuno con le proprie regole e strategie:<\/span><\/p>\n<ul>\n<li style=\"font-weight: 400;\" aria-level=\"1\"><b>Blackjack classico:<\/b><span style=\"font-weight: 400;\"> La forma tradizionale di blackjack giocata con uno o otto mazzi.<\/span><\/li>\n<li style=\"font-weight: 400;\" aria-level=\"1\"><b>Blackjack europeo:<\/b><span style=\"font-weight: 400;\"> Simile al classico, ma con due mazzi e il banco in piedi su un 17 morbido.<\/span><\/li>\n<li style=\"font-weight: 400;\" aria-level=\"1\"><b>Blackjack di Atlantic City:<\/b><span style=\"font-weight: 400;\"> Utilizza otto mazzi e consente ai giocatori di arrendersi in ritardo.<\/span><\/li>\n<li style=\"font-weight: 400;\" aria-level=\"1\"><b>Blackjack a doppia esposizione:<\/b><span style=\"font-weight: 400;\"> Entrambe le carte del banco sono scoperte, ma il blackjack paga alla pari.<\/span><\/li>\n<li style=\"font-weight: 400;\" aria-level=\"1\"><b>21 spagnolo:<\/b><span style=\"font-weight: 400;\"> Si gioca senza 10 nel mazzo, offrendo pi\u00f9 bonus e una maggiore flessibilit\u00e0 nelle regole.<\/span><\/li>\n<\/ul>\n<p><span style=\"font-weight: 400;\">Comprendere le regole e le sfumature specifiche di ogni gioco \u00e8 fondamentale, poich\u00e9 possono influenzare in modo significativo la strategia e il margine della casa.<\/span><\/p>\n<h2>Sviluppare<b> una strategia vincente<\/b><\/h2>\n<p><span style=\"font-weight: 400;\">Per massimizzare le possibilit\u00e0 di vincere al blackjack online, considerate le seguenti strategie:<\/span><\/p>\n<h2><b>Strategia di base<\/b><\/h2>\n<p><span style=\"font-weight: 400;\">La chiave di volta per vincere al blackjack \u00e8 la strategia di base, un sistema calcolato matematicamente che detta la mossa migliore (hit, stand, double down, split) in base alla propria mano e all&#8217;upcard del banco. I grafici delle strategie di base sono disponibili e devono essere memorizzati e applicati con costanza per ridurre il margine della casa.<\/span><\/p>\n<h2><b>Conteggio delle carte<\/b><\/h2>\n<p><span style=\"font-weight: 400;\">Sebbene sia pi\u00f9 impegnativo online, soprattutto con un software che mescola le carte a ogni mano, il conteggio delle carte prevede il monitoraggio delle carte alte e basse per determinare quando il mazzo favorisce il giocatore. Si noti che la maggior parte dei casin\u00f2 online utilizza pi\u00f9 mazzi e mescola frequentemente, rendendo il conteggio delle carte meno efficace.<\/span><\/p>\n<h2><b>Gestione del denaro<\/b><\/h2>\n<p><span style=\"font-weight: 400;\">Stabilite un budget e rispettatelo. Determinate la dimensione della vostra puntata in base al vostro bankroll complessivo per assicurarvi di poter resistere alla naturale varianza del gioco. Non inseguite mai le perdite e allontanatevi quando raggiungete il vostro limite.<\/span><\/p>\n<h2><b>Sapere quando dividere e raddoppiare il capitale<\/b><\/h2>\n<ul>\n<li style=\"font-weight: 400;\" aria-level=\"1\"><b>Dividere:<\/b><span style=\"font-weight: 400;\">  Dividere sempre gli assi e gli 8. Evitare di dividere i numeri da 10 e 5.<\/span><\/li>\n<li style=\"font-weight: 400;\" aria-level=\"1\"><b>Raddoppio:<\/b><span style=\"font-weight: 400;\"> Considerate di raddoppiare quando avete un totale di 10 o 11 e il banco mostra una carta alta debole (4, 5 o 6).<\/span><\/li>\n<\/ul>\n<h2><b>Pratica<\/b><b> gratuita<\/b><\/h2>\n<p><span style=\"font-weight: 400;\">Molti casin\u00f2 online offrono versioni gratuite del blackjack. Utilizzateli per praticare la vostra strategia e prendere confidenza con il gioco senza rischiare denaro reale.<\/span><\/p>\n<h2><b>Conclusione<\/b><\/h2>\n<p><span style=\"font-weight: 400;\">Vincere al blackjack online richiede un mix di conoscenza, strategia e disciplina. Comprendendo le regole del gioco, applicando la strategia di base, gestendo efficacemente il proprio bankroll e allenandosi regolarmente, \u00e8 possibile aumentare le possibilit\u00e0 di successo. Ricordate, anche se non esiste un modo garantito per vincere al blackjack, un gioco informato e strategico pu\u00f2 migliorare significativamente le vostre probabilit\u00e0 e la vostra esperienza di gioco complessiva. Giocate sempre in modo responsabile e godetevi il brivido del gioco.<\/span><\/p>\n","protected":false},"excerpt":{"rendered":"<p>Padroneggiare il blackjack online: strategie per il successo Il blackjack \u00e8 uno dei pi\u00f9 popolari e classici giochi di carte presenti nei casin\u00f2 di tutto il mondo. Con l&#8217;avvento del gioco d&#8217;azzardo online, il blackjack \u00e8 diventato accessibile a un<a class=\"excerpt-read-more\" href=\"https:\/\/casinorust.com\/it\/strategia-vincente-per-il-blackjack\/\" title=\"ReadStrategia vincente per il blackjack\">&#8230; Read more &raquo;<\/a><\/p>\n","protected":false},"author":1,"featured_media":138303,"parent":0,"menu_order":0,"comment_status":"closed","ping_status":"closed","template":"template-full-width.php","meta":{"footnotes":""},"class_list":["post-138508","page","type-page","status-publish","has-post-thumbnail","hentry","wp-sticky"],"acf":[],"yoast_head":"<!-- This site is optimized with the Yoast SEO plugin v27.3 - https:\/\/yoast.com\/product\/yoast-seo-wordpress\/ -->\n<title>Strategia vincente per il blackjack - Casino Rust<\/title>\n<meta name=\"robots\" content=\"index, follow, max-snippet:-1, max-image-preview:large, max-video-preview:-1\" \/>\n<link rel=\"canonical\" href=\"https:\/\/casinorust.com\/it\/strategia-vincente-per-il-blackjack\/\" \/>\n<meta property=\"og:locale\" content=\"it_IT\" \/>\n<meta property=\"og:type\" content=\"article\" \/>\n<meta property=\"og:title\" content=\"Strategia vincente per il blackjack - Casino Rust\" \/>\n<meta property=\"og:description\" content=\"Padroneggiare il blackjack online: strategie per il successo Il blackjack \u00e8 uno dei pi\u00f9 popolari e classici giochi di carte presenti nei casin\u00f2 di tutto il mondo. Con l&#8217;avvento del gioco d&#8217;azzardo online, il blackjack \u00e8 diventato accessibile a un... Read more &raquo;\" \/>\n<meta property=\"og:url\" content=\"https:\/\/casinorust.com\/it\/strategia-vincente-per-il-blackjack\/\" \/>\n<meta property=\"og:site_name\" content=\"Casino Rust\" \/>\n<meta property=\"og:image\" content=\"https:\/\/casinorust.com\/wp-content\/uploads\/2016\/11\/Mr-Green-Warlords-Crystals-of-Power-Slot-Netent1.jpg\" \/>\n\t<meta property=\"og:image:width\" content=\"697\" \/>\n\t<meta property=\"og:image:height\" content=\"456\" \/>\n\t<meta property=\"og:image:type\" content=\"image\/jpeg\" \/>\n<meta name=\"twitter:card\" content=\"summary_large_image\" \/>\n<meta name=\"twitter:label1\" content=\"Tempo di lettura stimato\" \/>\n\t<meta name=\"twitter:data1\" content=\"3 minuti\" \/>\n<script type=\"application\/ld+json\" class=\"yoast-schema-graph\">{\"@context\":\"https:\\\/\\\/schema.org\",\"@graph\":[{\"@type\":\"WebPage\",\"@id\":\"https:\\\/\\\/casinorust.com\\\/it\\\/strategia-vincente-per-il-blackjack\\\/\",\"url\":\"https:\\\/\\\/casinorust.com\\\/it\\\/strategia-vincente-per-il-blackjack\\\/\",\"name\":\"Strategia vincente per il blackjack - Casino Rust\",\"isPartOf\":{\"@id\":\"https:\\\/\\\/casinorust.com\\\/#website\"},\"primaryImageOfPage\":{\"@id\":\"https:\\\/\\\/casinorust.com\\\/it\\\/strategia-vincente-per-il-blackjack\\\/#primaryimage\"},\"image\":{\"@id\":\"https:\\\/\\\/casinorust.com\\\/it\\\/strategia-vincente-per-il-blackjack\\\/#primaryimage\"},\"thumbnailUrl\":\"https:\\\/\\\/casinorust.com\\\/wp-content\\\/uploads\\\/2016\\\/11\\\/Mr-Green-Warlords-Crystals-of-Power-Slot-Netent1.jpg\",\"datePublished\":\"2024-03-26T17:46:28+00:00\",\"breadcrumb\":{\"@id\":\"https:\\\/\\\/casinorust.com\\\/it\\\/strategia-vincente-per-il-blackjack\\\/#breadcrumb\"},\"inLanguage\":\"it-IT\",\"potentialAction\":[{\"@type\":\"ReadAction\",\"target\":[\"https:\\\/\\\/casinorust.com\\\/it\\\/strategia-vincente-per-il-blackjack\\\/\"]}]},{\"@type\":\"ImageObject\",\"inLanguage\":\"it-IT\",\"@id\":\"https:\\\/\\\/casinorust.com\\\/it\\\/strategia-vincente-per-il-blackjack\\\/#primaryimage\",\"url\":\"https:\\\/\\\/casinorust.com\\\/wp-content\\\/uploads\\\/2016\\\/11\\\/Mr-Green-Warlords-Crystals-of-Power-Slot-Netent1.jpg\",\"contentUrl\":\"https:\\\/\\\/casinorust.com\\\/wp-content\\\/uploads\\\/2016\\\/11\\\/Mr-Green-Warlords-Crystals-of-Power-Slot-Netent1.jpg\",\"width\":697,\"height\":456,\"caption\":\"Mr-Green-Warlords-Crystals-of-Power-Slot-Netent1\"},{\"@type\":\"BreadcrumbList\",\"@id\":\"https:\\\/\\\/casinorust.com\\\/it\\\/strategia-vincente-per-il-blackjack\\\/#breadcrumb\",\"itemListElement\":[{\"@type\":\"ListItem\",\"position\":1,\"name\":\"Home\",\"item\":\"https:\\\/\\\/casinorust.com\\\/it\\\/\"},{\"@type\":\"ListItem\",\"position\":2,\"name\":\"Strategia vincente per il blackjack\"}]},{\"@type\":\"WebSite\",\"@id\":\"https:\\\/\\\/casinorust.com\\\/#website\",\"url\":\"https:\\\/\\\/casinorust.com\\\/\",\"name\":\"Casino Rust\",\"description\":\"\",\"publisher\":{\"@id\":\"https:\\\/\\\/casinorust.com\\\/#organization\"},\"potentialAction\":[{\"@type\":\"SearchAction\",\"target\":{\"@type\":\"EntryPoint\",\"urlTemplate\":\"https:\\\/\\\/casinorust.com\\\/?s={search_term_string}\"},\"query-input\":{\"@type\":\"PropertyValueSpecification\",\"valueRequired\":true,\"valueName\":\"search_term_string\"}}],\"inLanguage\":\"it-IT\"},{\"@type\":\"Organization\",\"@id\":\"https:\\\/\\\/casinorust.com\\\/#organization\",\"name\":\"Casino Rust\",\"url\":\"https:\\\/\\\/casinorust.com\\\/\",\"logo\":{\"@type\":\"ImageObject\",\"inLanguage\":\"it-IT\",\"@id\":\"https:\\\/\\\/casinorust.com\\\/#\\\/schema\\\/logo\\\/image\\\/\",\"url\":\"https:\\\/\\\/casinorust.com\\\/wp-content\\\/uploads\\\/2024\\\/03\\\/logo.png\",\"contentUrl\":\"https:\\\/\\\/casinorust.com\\\/wp-content\\\/uploads\\\/2024\\\/03\\\/logo.png\",\"width\":127,\"height\":125,\"caption\":\"Casino Rust\"},\"image\":{\"@id\":\"https:\\\/\\\/casinorust.com\\\/#\\\/schema\\\/logo\\\/image\\\/\"}}]}<\/script>\n<!-- \/ Yoast SEO plugin. -->","yoast_head_json":{"title":"Strategia vincente per il blackjack - Casino Rust","robots":{"index":"index","follow":"follow","max-snippet":"max-snippet:-1","max-image-preview":"max-image-preview:large","max-video-preview":"max-video-preview:-1"},"canonical":"https:\/\/casinorust.com\/it\/strategia-vincente-per-il-blackjack\/","og_locale":"it_IT","og_type":"article","og_title":"Strategia vincente per il blackjack - Casino Rust","og_description":"Padroneggiare il blackjack online: strategie per il successo Il blackjack \u00e8 uno dei pi\u00f9 popolari e classici giochi di carte presenti nei casin\u00f2 di tutto il mondo. Con l&#8217;avvento del gioco d&#8217;azzardo online, il blackjack \u00e8 diventato accessibile a un... Read more &raquo;","og_url":"https:\/\/casinorust.com\/it\/strategia-vincente-per-il-blackjack\/","og_site_name":"Casino Rust","og_image":[{"width":697,"height":456,"url":"https:\/\/casinorust.com\/wp-content\/uploads\/2016\/11\/Mr-Green-Warlords-Crystals-of-Power-Slot-Netent1.jpg","type":"image\/jpeg"}],"twitter_card":"summary_large_image","twitter_misc":{"Tempo di lettura stimato":"3 minuti"},"schema":{"@context":"https:\/\/schema.org","@graph":[{"@type":"WebPage","@id":"https:\/\/casinorust.com\/it\/strategia-vincente-per-il-blackjack\/","url":"https:\/\/casinorust.com\/it\/strategia-vincente-per-il-blackjack\/","name":"Strategia vincente per il blackjack - Casino Rust","isPartOf":{"@id":"https:\/\/casinorust.com\/#website"},"primaryImageOfPage":{"@id":"https:\/\/casinorust.com\/it\/strategia-vincente-per-il-blackjack\/#primaryimage"},"image":{"@id":"https:\/\/casinorust.com\/it\/strategia-vincente-per-il-blackjack\/#primaryimage"},"thumbnailUrl":"https:\/\/casinorust.com\/wp-content\/uploads\/2016\/11\/Mr-Green-Warlords-Crystals-of-Power-Slot-Netent1.jpg","datePublished":"2024-03-26T17:46:28+00:00","breadcrumb":{"@id":"https:\/\/casinorust.com\/it\/strategia-vincente-per-il-blackjack\/#breadcrumb"},"inLanguage":"it-IT","potentialAction":[{"@type":"ReadAction","target":["https:\/\/casinorust.com\/it\/strategia-vincente-per-il-blackjack\/"]}]},{"@type":"ImageObject","inLanguage":"it-IT","@id":"https:\/\/casinorust.com\/it\/strategia-vincente-per-il-blackjack\/#primaryimage","url":"https:\/\/casinorust.com\/wp-content\/uploads\/2016\/11\/Mr-Green-Warlords-Crystals-of-Power-Slot-Netent1.jpg","contentUrl":"https:\/\/casinorust.com\/wp-content\/uploads\/2016\/11\/Mr-Green-Warlords-Crystals-of-Power-Slot-Netent1.jpg","width":697,"height":456,"caption":"Mr-Green-Warlords-Crystals-of-Power-Slot-Netent1"},{"@type":"BreadcrumbList","@id":"https:\/\/casinorust.com\/it\/strategia-vincente-per-il-blackjack\/#breadcrumb","itemListElement":[{"@type":"ListItem","position":1,"name":"Home","item":"https:\/\/casinorust.com\/it\/"},{"@type":"ListItem","position":2,"name":"Strategia vincente per il blackjack"}]},{"@type":"WebSite","@id":"https:\/\/casinorust.com\/#website","url":"https:\/\/casinorust.com\/","name":"Casino Rust","description":"","publisher":{"@id":"https:\/\/casinorust.com\/#organization"},"potentialAction":[{"@type":"SearchAction","target":{"@type":"EntryPoint","urlTemplate":"https:\/\/casinorust.com\/?s={search_term_string}"},"query-input":{"@type":"PropertyValueSpecification","valueRequired":true,"valueName":"search_term_string"}}],"inLanguage":"it-IT"},{"@type":"Organization","@id":"https:\/\/casinorust.com\/#organization","name":"Casino Rust","url":"https:\/\/casinorust.com\/","logo":{"@type":"ImageObject","inLanguage":"it-IT","@id":"https:\/\/casinorust.com\/#\/schema\/logo\/image\/","url":"https:\/\/casinorust.com\/wp-content\/uploads\/2024\/03\/logo.png","contentUrl":"https:\/\/casinorust.com\/wp-content\/uploads\/2024\/03\/logo.png","width":127,"height":125,"caption":"Casino Rust"},"image":{"@id":"https:\/\/casinorust.com\/#\/schema\/logo\/image\/"}}]}},"_links":{"self":[{"href":"https:\/\/casinorust.com\/it\/wp-json\/wp\/v2\/pages\/138508","targetHints":{"allow":["GET"]}}],"collection":[{"href":"https:\/\/casinorust.com\/it\/wp-json\/wp\/v2\/pages"}],"about":[{"href":"https:\/\/casinorust.com\/it\/wp-json\/wp\/v2\/types\/page"}],"author":[{"embeddable":true,"href":"https:\/\/casinorust.com\/it\/wp-json\/wp\/v2\/users\/1"}],"replies":[{"embeddable":true,"href":"https:\/\/casinorust.com\/it\/wp-json\/wp\/v2\/comments?post=138508"}],"version-history":[{"count":0,"href":"https:\/\/casinorust.com\/it\/wp-json\/wp\/v2\/pages\/138508\/revisions"}],"wp:featuredmedia":[{"embeddable":true,"href":"https:\/\/casinorust.com\/it\/wp-json\/wp\/v2\/media\/138303"}],"wp:attachment":[{"href":"https:\/\/casinorust.com\/it\/wp-json\/wp\/v2\/media?parent=138508"}],"curies":[{"name":"wp","href":"https:\/\/api.w.org\/{rel}","templated":true}]}}