{"id":138451,"date":"2024-03-26T17:42:46","date_gmt":"2024-03-26T17:42:46","guid":{"rendered":"https:\/\/casinorust.com\/come-scegliere-i-giochi-di-slot-vincenti\/"},"modified":"2024-04-07T09:17:41","modified_gmt":"2024-04-07T09:17:41","slug":"come-scegliere-i-giochi-di-slot-vincenti","status":"publish","type":"page","link":"https:\/\/casinorust.com\/it\/come-scegliere-i-giochi-di-slot-vincenti\/","title":{"rendered":"Come scegliere un gioco di slot vincente"},"content":{"rendered":"<h2>Vieni a selezionare una slot vincente da un casin\u00f2 online con soldi veri<\/h2>\n<p>Giocare alle slot online pu\u00f2 essere un&#8217;esperienza esaltante, soprattutto quando si ottiene una bella vincita. Tuttavia, con migliaia di giochi di slot online disponibili, la scelta di quello giusto pu\u00f2 sembrare opprimente. Ecco una guida completa per aiutarvi a selezionare un gioco di slot vincente da un casin\u00f2 online con denaro reale.<\/p>\n<h2>1. Comprendere la varianza delle slot e l&#8217;RTP<\/h2>\n<p>Prima di tuffarsi nel mare dei giochi di slot online, \u00e8 fondamentale comprendere due concetti chiave: Ritorno al giocatore (RTP) e varianza.<\/p>\n<ul>\n<li><strong>Ritorno al giocatore (RTP)<\/strong>: L&#8217;RTP \u00e8 una percentuale che indica la quantit\u00e0 di denaro che una slot restituisce ai giocatori nell&#8217;arco di un gran numero di giri, solitamente rappresentata come una percentuale. In generale, una slot con un RTP del 96% o superiore \u00e8 considerata buona. Optare per le slot ad alto RTP pu\u00f2 potenzialmente aumentare le possibilit\u00e0 di vincita.<\/li>\n<li><strong>Variante<\/strong>: Misura il rischio connesso al gioco di slot. Le slot a bassa varianza offrono vincite frequenti ma minori, mentre quelle ad alta varianza offrono vincite meno frequenti ma maggiori. Scegliete un gioco che corrisponde alla vostra tolleranza al rischio e al vostro stile di gioco.<\/li>\n<\/ul>\n<h2>2. Leggere le recensioni e controllare il feedback dei giocatori<\/h2>\n<p>La ricerca \u00e8 la tua migliore amica. Leggete le recensioni e verifica il feedback dei giocatori su diversi giochi di slot e casin\u00f2 online. Questo pu\u00f2 fornire indicazioni sulla frequenza di pagamento di un gioco, sull&#8217;equit\u00e0 della piattaforma e sull&#8217;esperienza complessiva del giocatore. Siti web, forum e piattaforme di social media possono essere ottime risorse per trovare recensioni oneste dei giocatori.<\/p>\n<h2>3. Cercate i bonus e i giri gratuiti pi\u00f9 generosi<\/h2>\n<p>Molti casin\u00f2 online offrono bonus e giri gratis per attirare nuovi giocatori e fidelizzare quelli esistenti. Cercate i giochi che offrono generosi bonus, giri gratuiti e altre promozioni. Questi possono offrire ulteriori opportunit\u00e0 di gioco e di vincita senza rischiare pi\u00f9 del proprio denaro. Tuttavia, assicuratevi di leggere bene i termini e le condizioni di questi bonus, poich\u00e9 i requisiti di scommessa possono variare.<\/p>\n<h2>4. Prova le versioni demo gratuite<\/h2>\n<p>La maggior parte dei casin\u00f2 online offre versioni demo gratuite dei propri giochi di slot. Giocare a queste versioni gratuite pu\u00f2 aiutare a capire le meccaniche di gioco, le caratteristiche dei bonus e la volatilit\u00e0 senza rischiare denaro reale. \u00c8 un modo eccellente per provare diverse slot e trovarne una che vi piaccia e su cui vi sentiate a vostro agio nell&#8217;investire.<\/p>\n<h2>5. Valutare la tabella dei pagamenti e le caratteristiche speciali<\/h2>\n<p>Prima di scegliere una slot, esamina la tabella dei pagamenti e le caratteristiche speciali. La tabella dei pagamenti fornisce informazioni preziose sui simboli, le linee di pagamento e i payout. Cercate giochi con pi\u00f9 linee di pagamento e funzioni speciali come wild, scatter, moltiplicatori e giri bonus. Queste caratteristiche non solo rendono il gioco pi\u00f9 emozionante, ma possono anche aumentare le possibilit\u00e0 di ottenere una grossa vincita.<\/p>\n<h2>6. Considerare il tema e la grafica<\/h2>\n<p>Sebbene il tema e la grafica non influiscano sulle vincite, possono migliorare l&#8217;esperienza di gioco. Scegliete una slot con un tema che vi appassiona, che sia l&#8217;avventura, il fantasy, lo sport o le classiche fruit machine. Grafica e animazioni di alta qualit\u00e0 possono inoltre rendere il gioco pi\u00f9 divertente e coinvolgente.<\/p>\n<h2>7. Stabilire un budget e rispettarlo<\/h2>\n<p>In definitiva, il miglior gioco di slot \u00e8 quello che si adatta al vostro budget. Stabilite quanto siete disposti a spendere e rispettatelo. Ricordate che le slot devono essere un divertimento, non un modo per fare soldi. Giocare in modo responsabile assicura che possiate divertirvi senza correre rischi finanziari.<\/p>\n<h2>Conclusione<\/h2>\n<p>La selezione di un gioco di slot vincente da un casin\u00f2 online implica la comprensione delle meccaniche di gioco, una ricerca approfondita e la scelta di un gioco che si adatti alle proprie preferenze e al proprio budget. Seguendo questi passaggi, potrete aumentare le vostre possibilit\u00e0 di trovare un gioco di slot che non solo vi diverta, ma che vi offre anche discrete possibilit\u00e0 di vincita. Ricordate che il gioco d&#8217;azzardo deve sempre essere fatto in modo responsabile e solo a scopo di intrattenimento. Buon spinning e che la fortuna sia dalla vostra parte!<\/p>\n","protected":false},"excerpt":{"rendered":"<p>Vieni a selezionare una slot vincente da un casin\u00f2 online con soldi veri Giocare alle slot online pu\u00f2 essere un&#8217;esperienza esaltante, soprattutto quando si ottiene una bella vincita. Tuttavia, con migliaia di giochi di slot online disponibili, la scelta di<a class=\"excerpt-read-more\" href=\"https:\/\/casinorust.com\/it\/come-scegliere-i-giochi-di-slot-vincenti\/\" title=\"ReadCome scegliere un gioco di slot vincente\">&#8230; Read more &raquo;<\/a><\/p>\n","protected":false},"author":1,"featured_media":138319,"parent":0,"menu_order":0,"comment_status":"closed","ping_status":"closed","template":"template-full-width.php","meta":{"footnotes":""},"class_list":["post-138451","page","type-page","status-publish","has-post-thumbnail","hentry","wp-sticky"],"acf":[],"yoast_head":"<!-- This site is optimized with the Yoast SEO plugin v27.3 - https:\/\/yoast.com\/product\/yoast-seo-wordpress\/ -->\n<title>Come scegliere un gioco di slot vincente - Casino Rust<\/title>\n<meta name=\"robots\" content=\"index, follow, max-snippet:-1, max-image-preview:large, max-video-preview:-1\" \/>\n<link rel=\"canonical\" href=\"https:\/\/casinorust.com\/it\/come-scegliere-i-giochi-di-slot-vincenti\/\" \/>\n<meta property=\"og:locale\" content=\"it_IT\" \/>\n<meta property=\"og:type\" content=\"article\" \/>\n<meta property=\"og:title\" content=\"Come scegliere un gioco di slot vincente - Casino Rust\" \/>\n<meta property=\"og:description\" content=\"Vieni a selezionare una slot vincente da un casin\u00f2 online con soldi veri Giocare alle slot online pu\u00f2 essere un&#8217;esperienza esaltante, soprattutto quando si ottiene una bella vincita. Tuttavia, con migliaia di giochi di slot online disponibili, la scelta di... Read more &raquo;\" \/>\n<meta property=\"og:url\" content=\"https:\/\/casinorust.com\/it\/come-scegliere-i-giochi-di-slot-vincenti\/\" \/>\n<meta property=\"og:site_name\" content=\"Casino Rust\" \/>\n<meta property=\"article:modified_time\" content=\"2024-04-07T09:17:41+00:00\" \/>\n<meta property=\"og:image\" content=\"https:\/\/casinorust.com\/wp-content\/uploads\/2016\/01\/gonzos-quest-slot-game.jpg\" \/>\n\t<meta property=\"og:image:width\" content=\"1132\" \/>\n\t<meta property=\"og:image:height\" content=\"618\" \/>\n\t<meta property=\"og:image:type\" content=\"image\/jpeg\" \/>\n<meta name=\"twitter:card\" content=\"summary_large_image\" \/>\n<meta name=\"twitter:label1\" content=\"Tempo di lettura stimato\" \/>\n\t<meta name=\"twitter:data1\" content=\"3 minuti\" \/>\n<script type=\"application\/ld+json\" class=\"yoast-schema-graph\">{\"@context\":\"https:\\\/\\\/schema.org\",\"@graph\":[{\"@type\":\"WebPage\",\"@id\":\"https:\\\/\\\/casinorust.com\\\/it\\\/come-scegliere-i-giochi-di-slot-vincenti\\\/\",\"url\":\"https:\\\/\\\/casinorust.com\\\/it\\\/come-scegliere-i-giochi-di-slot-vincenti\\\/\",\"name\":\"Come scegliere un gioco di slot vincente - Casino Rust\",\"isPartOf\":{\"@id\":\"https:\\\/\\\/casinorust.com\\\/#website\"},\"primaryImageOfPage\":{\"@id\":\"https:\\\/\\\/casinorust.com\\\/it\\\/come-scegliere-i-giochi-di-slot-vincenti\\\/#primaryimage\"},\"image\":{\"@id\":\"https:\\\/\\\/casinorust.com\\\/it\\\/come-scegliere-i-giochi-di-slot-vincenti\\\/#primaryimage\"},\"thumbnailUrl\":\"https:\\\/\\\/casinorust.com\\\/wp-content\\\/uploads\\\/2016\\\/01\\\/gonzos-quest-slot-game.jpg\",\"datePublished\":\"2024-03-26T17:42:46+00:00\",\"dateModified\":\"2024-04-07T09:17:41+00:00\",\"breadcrumb\":{\"@id\":\"https:\\\/\\\/casinorust.com\\\/it\\\/come-scegliere-i-giochi-di-slot-vincenti\\\/#breadcrumb\"},\"inLanguage\":\"it-IT\",\"potentialAction\":[{\"@type\":\"ReadAction\",\"target\":[\"https:\\\/\\\/casinorust.com\\\/it\\\/come-scegliere-i-giochi-di-slot-vincenti\\\/\"]}]},{\"@type\":\"ImageObject\",\"inLanguage\":\"it-IT\",\"@id\":\"https:\\\/\\\/casinorust.com\\\/it\\\/come-scegliere-i-giochi-di-slot-vincenti\\\/#primaryimage\",\"url\":\"https:\\\/\\\/casinorust.com\\\/wp-content\\\/uploads\\\/2016\\\/01\\\/gonzos-quest-slot-game.jpg\",\"contentUrl\":\"https:\\\/\\\/casinorust.com\\\/wp-content\\\/uploads\\\/2016\\\/01\\\/gonzos-quest-slot-game.jpg\",\"width\":1132,\"height\":618,\"caption\":\"gonzos-quest-slot-game\"},{\"@type\":\"BreadcrumbList\",\"@id\":\"https:\\\/\\\/casinorust.com\\\/it\\\/come-scegliere-i-giochi-di-slot-vincenti\\\/#breadcrumb\",\"itemListElement\":[{\"@type\":\"ListItem\",\"position\":1,\"name\":\"Home\",\"item\":\"https:\\\/\\\/casinorust.com\\\/it\\\/\"},{\"@type\":\"ListItem\",\"position\":2,\"name\":\"Come scegliere un gioco di slot vincente\"}]},{\"@type\":\"WebSite\",\"@id\":\"https:\\\/\\\/casinorust.com\\\/#website\",\"url\":\"https:\\\/\\\/casinorust.com\\\/\",\"name\":\"Casino Rust\",\"description\":\"\",\"publisher\":{\"@id\":\"https:\\\/\\\/casinorust.com\\\/#organization\"},\"potentialAction\":[{\"@type\":\"SearchAction\",\"target\":{\"@type\":\"EntryPoint\",\"urlTemplate\":\"https:\\\/\\\/casinorust.com\\\/?s={search_term_string}\"},\"query-input\":{\"@type\":\"PropertyValueSpecification\",\"valueRequired\":true,\"valueName\":\"search_term_string\"}}],\"inLanguage\":\"it-IT\"},{\"@type\":\"Organization\",\"@id\":\"https:\\\/\\\/casinorust.com\\\/#organization\",\"name\":\"Casino Rust\",\"url\":\"https:\\\/\\\/casinorust.com\\\/\",\"logo\":{\"@type\":\"ImageObject\",\"inLanguage\":\"it-IT\",\"@id\":\"https:\\\/\\\/casinorust.com\\\/#\\\/schema\\\/logo\\\/image\\\/\",\"url\":\"https:\\\/\\\/casinorust.com\\\/wp-content\\\/uploads\\\/2024\\\/03\\\/logo.png\",\"contentUrl\":\"https:\\\/\\\/casinorust.com\\\/wp-content\\\/uploads\\\/2024\\\/03\\\/logo.png\",\"width\":127,\"height\":125,\"caption\":\"Casino Rust\"},\"image\":{\"@id\":\"https:\\\/\\\/casinorust.com\\\/#\\\/schema\\\/logo\\\/image\\\/\"}}]}<\/script>\n<!-- \/ Yoast SEO plugin. -->","yoast_head_json":{"title":"Come scegliere un gioco di slot vincente - Casino Rust","robots":{"index":"index","follow":"follow","max-snippet":"max-snippet:-1","max-image-preview":"max-image-preview:large","max-video-preview":"max-video-preview:-1"},"canonical":"https:\/\/casinorust.com\/it\/come-scegliere-i-giochi-di-slot-vincenti\/","og_locale":"it_IT","og_type":"article","og_title":"Come scegliere un gioco di slot vincente - Casino Rust","og_description":"Vieni a selezionare una slot vincente da un casin\u00f2 online con soldi veri Giocare alle slot online pu\u00f2 essere un&#8217;esperienza esaltante, soprattutto quando si ottiene una bella vincita. Tuttavia, con migliaia di giochi di slot online disponibili, la scelta di... Read more &raquo;","og_url":"https:\/\/casinorust.com\/it\/come-scegliere-i-giochi-di-slot-vincenti\/","og_site_name":"Casino Rust","article_modified_time":"2024-04-07T09:17:41+00:00","og_image":[{"width":1132,"height":618,"url":"https:\/\/casinorust.com\/wp-content\/uploads\/2016\/01\/gonzos-quest-slot-game.jpg","type":"image\/jpeg"}],"twitter_card":"summary_large_image","twitter_misc":{"Tempo di lettura stimato":"3 minuti"},"schema":{"@context":"https:\/\/schema.org","@graph":[{"@type":"WebPage","@id":"https:\/\/casinorust.com\/it\/come-scegliere-i-giochi-di-slot-vincenti\/","url":"https:\/\/casinorust.com\/it\/come-scegliere-i-giochi-di-slot-vincenti\/","name":"Come scegliere un gioco di slot vincente - Casino Rust","isPartOf":{"@id":"https:\/\/casinorust.com\/#website"},"primaryImageOfPage":{"@id":"https:\/\/casinorust.com\/it\/come-scegliere-i-giochi-di-slot-vincenti\/#primaryimage"},"image":{"@id":"https:\/\/casinorust.com\/it\/come-scegliere-i-giochi-di-slot-vincenti\/#primaryimage"},"thumbnailUrl":"https:\/\/casinorust.com\/wp-content\/uploads\/2016\/01\/gonzos-quest-slot-game.jpg","datePublished":"2024-03-26T17:42:46+00:00","dateModified":"2024-04-07T09:17:41+00:00","breadcrumb":{"@id":"https:\/\/casinorust.com\/it\/come-scegliere-i-giochi-di-slot-vincenti\/#breadcrumb"},"inLanguage":"it-IT","potentialAction":[{"@type":"ReadAction","target":["https:\/\/casinorust.com\/it\/come-scegliere-i-giochi-di-slot-vincenti\/"]}]},{"@type":"ImageObject","inLanguage":"it-IT","@id":"https:\/\/casinorust.com\/it\/come-scegliere-i-giochi-di-slot-vincenti\/#primaryimage","url":"https:\/\/casinorust.com\/wp-content\/uploads\/2016\/01\/gonzos-quest-slot-game.jpg","contentUrl":"https:\/\/casinorust.com\/wp-content\/uploads\/2016\/01\/gonzos-quest-slot-game.jpg","width":1132,"height":618,"caption":"gonzos-quest-slot-game"},{"@type":"BreadcrumbList","@id":"https:\/\/casinorust.com\/it\/come-scegliere-i-giochi-di-slot-vincenti\/#breadcrumb","itemListElement":[{"@type":"ListItem","position":1,"name":"Home","item":"https:\/\/casinorust.com\/it\/"},{"@type":"ListItem","position":2,"name":"Come scegliere un gioco di slot vincente"}]},{"@type":"WebSite","@id":"https:\/\/casinorust.com\/#website","url":"https:\/\/casinorust.com\/","name":"Casino Rust","description":"","publisher":{"@id":"https:\/\/casinorust.com\/#organization"},"potentialAction":[{"@type":"SearchAction","target":{"@type":"EntryPoint","urlTemplate":"https:\/\/casinorust.com\/?s={search_term_string}"},"query-input":{"@type":"PropertyValueSpecification","valueRequired":true,"valueName":"search_term_string"}}],"inLanguage":"it-IT"},{"@type":"Organization","@id":"https:\/\/casinorust.com\/#organization","name":"Casino Rust","url":"https:\/\/casinorust.com\/","logo":{"@type":"ImageObject","inLanguage":"it-IT","@id":"https:\/\/casinorust.com\/#\/schema\/logo\/image\/","url":"https:\/\/casinorust.com\/wp-content\/uploads\/2024\/03\/logo.png","contentUrl":"https:\/\/casinorust.com\/wp-content\/uploads\/2024\/03\/logo.png","width":127,"height":125,"caption":"Casino Rust"},"image":{"@id":"https:\/\/casinorust.com\/#\/schema\/logo\/image\/"}}]}},"_links":{"self":[{"href":"https:\/\/casinorust.com\/it\/wp-json\/wp\/v2\/pages\/138451","targetHints":{"allow":["GET"]}}],"collection":[{"href":"https:\/\/casinorust.com\/it\/wp-json\/wp\/v2\/pages"}],"about":[{"href":"https:\/\/casinorust.com\/it\/wp-json\/wp\/v2\/types\/page"}],"author":[{"embeddable":true,"href":"https:\/\/casinorust.com\/it\/wp-json\/wp\/v2\/users\/1"}],"replies":[{"embeddable":true,"href":"https:\/\/casinorust.com\/it\/wp-json\/wp\/v2\/comments?post=138451"}],"version-history":[{"count":2,"href":"https:\/\/casinorust.com\/it\/wp-json\/wp\/v2\/pages\/138451\/revisions"}],"predecessor-version":[{"id":139446,"href":"https:\/\/casinorust.com\/it\/wp-json\/wp\/v2\/pages\/138451\/revisions\/139446"}],"wp:featuredmedia":[{"embeddable":true,"href":"https:\/\/casinorust.com\/it\/wp-json\/wp\/v2\/media\/138319"}],"wp:attachment":[{"href":"https:\/\/casinorust.com\/it\/wp-json\/wp\/v2\/media?parent=138451"}],"curies":[{"name":"wp","href":"https:\/\/api.w.org\/{rel}","templated":true}]}}