{"id":138447,"date":"2016-12-31T17:04:28","date_gmt":"2016-12-31T17:04:28","guid":{"rendered":"https:\/\/casinorust.com\/casino\/"},"modified":"2024-04-04T05:53:48","modified_gmt":"2024-04-04T05:53:48","slug":"casino","status":"publish","type":"page","link":"https:\/\/casinorust.com\/it\/casino\/","title":{"rendered":"Casin\u00f2"},"content":{"rendered":"<p>Incredibili offerte di benvenuto da un&#8217;ampia selezione di casin\u00f2 che recensiamo attentamente. Accaparratevi un ottimo bonus e valutate i vostri casin\u00f2 preferiti.<\/p>\n<p>\u00c8 possibile sfruttare i <strong>tipi di post integrati nel<\/strong> tema per creare articoli di recensione che faranno un lavoro migliore di qualsiasi <a href=\"https:\/\/VegasHero.co\">plugin di recensione di casin\u00f2<\/a> che si pu\u00f2 acquistare attualmente. Questi post sui casin\u00f2 hanno un ottimo stile e sono dotati di campi personalizzati che potete utilizzare per visualizzare il logo del casin\u00f2, le informazioni sui bonus, le valutazioni (tramite il plugin WP-Reviews) e un pulsante CTA con il vostro link di affiliazione.<\/p>\n<p>Webtwo ipsum dolor sit amet, eskobo chumby doostang bebo. Ngmoco fleck revver oooooc imeem dopplr sococo gsnap squidoo, voxy nuvvo eduvant imeem oooj meevee zapier vimeo, plickers jiglu zinch plickers oovoo oooj ngmoco blekko.<\/p>\n<p>Vuvox blyve ifttt waze spotify oovoo divvyshot akismet geni, twitter oovoo kno plugg yoono oovoo knewton ning meebo, orkut voxy plaxo zooomr insala vimeo octopart.<\/p>\n","protected":false},"excerpt":{"rendered":"<p>Incredibili offerte di benvenuto da un&#8217;ampia selezione di casin\u00f2 che recensiamo attentamente. Accaparratevi un ottimo bonus e valutate i vostri casin\u00f2 preferiti. \u00c8 possibile sfruttare i tipi di post integrati nel tema per creare articoli di recensione che faranno un<a class=\"excerpt-read-more\" href=\"https:\/\/casinorust.com\/it\/casino\/\" title=\"ReadCasin\u00f2\">&#8230; Read more &raquo;<\/a><\/p>\n","protected":false},"author":1,"featured_media":138281,"parent":0,"menu_order":0,"comment_status":"closed","ping_status":"closed","template":"casino-grid-template.php","meta":{"footnotes":""},"class_list":["post-138447","page","type-page","status-publish","has-post-thumbnail","hentry","wp-sticky"],"acf":[],"yoast_head":"<!-- This site is optimized with the Yoast SEO plugin v27.4 - https:\/\/yoast.com\/product\/yoast-seo-wordpress\/ -->\n<title>Casin\u00f2 - Casino Rust<\/title>\n<meta name=\"robots\" content=\"index, follow, max-snippet:-1, max-image-preview:large, max-video-preview:-1\" \/>\n<link rel=\"canonical\" href=\"https:\/\/casinorust.com\/it\/casino\/\" \/>\n<meta property=\"og:locale\" content=\"it_IT\" \/>\n<meta property=\"og:type\" content=\"article\" \/>\n<meta property=\"og:title\" content=\"Casin\u00f2 - Casino Rust\" \/>\n<meta property=\"og:description\" content=\"Incredibili offerte di benvenuto da un&#8217;ampia selezione di casin\u00f2 che recensiamo attentamente. Accaparratevi un ottimo bonus e valutate i vostri casin\u00f2 preferiti. \u00c8 possibile sfruttare i tipi di post integrati nel tema per creare articoli di recensione che faranno un... Read more &raquo;\" \/>\n<meta property=\"og:url\" content=\"https:\/\/casinorust.com\/it\/casino\/\" \/>\n<meta property=\"og:site_name\" content=\"Casino Rust\" \/>\n<meta property=\"article:modified_time\" content=\"2024-04-04T05:53:48+00:00\" \/>\n<meta property=\"og:image\" content=\"https:\/\/casinorust.com\/wp-content\/uploads\/2017\/01\/cards-chips-photo.jpg\" \/>\n\t<meta property=\"og:image:width\" content=\"1280\" \/>\n\t<meta property=\"og:image:height\" content=\"850\" \/>\n\t<meta property=\"og:image:type\" content=\"image\/jpeg\" \/>\n<meta name=\"twitter:card\" content=\"summary_large_image\" \/>\n<meta name=\"twitter:label1\" content=\"Tempo di lettura stimato\" \/>\n\t<meta name=\"twitter:data1\" content=\"1 minuto\" \/>\n<script type=\"application\/ld+json\" class=\"yoast-schema-graph\">{\"@context\":\"https:\\\/\\\/schema.org\",\"@graph\":[{\"@type\":\"WebPage\",\"@id\":\"https:\\\/\\\/casinorust.com\\\/it\\\/casino\\\/\",\"url\":\"https:\\\/\\\/casinorust.com\\\/it\\\/casino\\\/\",\"name\":\"Casin\u00f2 - Casino Rust\",\"isPartOf\":{\"@id\":\"https:\\\/\\\/casinorust.com\\\/#website\"},\"primaryImageOfPage\":{\"@id\":\"https:\\\/\\\/casinorust.com\\\/it\\\/casino\\\/#primaryimage\"},\"image\":{\"@id\":\"https:\\\/\\\/casinorust.com\\\/it\\\/casino\\\/#primaryimage\"},\"thumbnailUrl\":\"https:\\\/\\\/casinorust.com\\\/wp-content\\\/uploads\\\/2017\\\/01\\\/cards-chips-photo.jpg\",\"datePublished\":\"2016-12-31T17:04:28+00:00\",\"dateModified\":\"2024-04-04T05:53:48+00:00\",\"breadcrumb\":{\"@id\":\"https:\\\/\\\/casinorust.com\\\/it\\\/casino\\\/#breadcrumb\"},\"inLanguage\":\"it-IT\",\"potentialAction\":[{\"@type\":\"ReadAction\",\"target\":[\"https:\\\/\\\/casinorust.com\\\/it\\\/casino\\\/\"]}]},{\"@type\":\"ImageObject\",\"inLanguage\":\"it-IT\",\"@id\":\"https:\\\/\\\/casinorust.com\\\/it\\\/casino\\\/#primaryimage\",\"url\":\"https:\\\/\\\/casinorust.com\\\/wp-content\\\/uploads\\\/2017\\\/01\\\/cards-chips-photo.jpg\",\"contentUrl\":\"https:\\\/\\\/casinorust.com\\\/wp-content\\\/uploads\\\/2017\\\/01\\\/cards-chips-photo.jpg\",\"width\":1280,\"height\":850,\"caption\":\"cards\"},{\"@type\":\"BreadcrumbList\",\"@id\":\"https:\\\/\\\/casinorust.com\\\/it\\\/casino\\\/#breadcrumb\",\"itemListElement\":[{\"@type\":\"ListItem\",\"position\":1,\"name\":\"Home\",\"item\":\"https:\\\/\\\/casinorust.com\\\/it\\\/\"},{\"@type\":\"ListItem\",\"position\":2,\"name\":\"Casin\u00f2\"}]},{\"@type\":\"WebSite\",\"@id\":\"https:\\\/\\\/casinorust.com\\\/#website\",\"url\":\"https:\\\/\\\/casinorust.com\\\/\",\"name\":\"Casino Rust\",\"description\":\"\",\"publisher\":{\"@id\":\"https:\\\/\\\/casinorust.com\\\/#organization\"},\"potentialAction\":[{\"@type\":\"SearchAction\",\"target\":{\"@type\":\"EntryPoint\",\"urlTemplate\":\"https:\\\/\\\/casinorust.com\\\/?s={search_term_string}\"},\"query-input\":{\"@type\":\"PropertyValueSpecification\",\"valueRequired\":true,\"valueName\":\"search_term_string\"}}],\"inLanguage\":\"it-IT\"},{\"@type\":\"Organization\",\"@id\":\"https:\\\/\\\/casinorust.com\\\/#organization\",\"name\":\"Casino Rust\",\"url\":\"https:\\\/\\\/casinorust.com\\\/\",\"logo\":{\"@type\":\"ImageObject\",\"inLanguage\":\"it-IT\",\"@id\":\"https:\\\/\\\/casinorust.com\\\/#\\\/schema\\\/logo\\\/image\\\/\",\"url\":\"https:\\\/\\\/casinorust.com\\\/wp-content\\\/uploads\\\/2024\\\/03\\\/logo.png\",\"contentUrl\":\"https:\\\/\\\/casinorust.com\\\/wp-content\\\/uploads\\\/2024\\\/03\\\/logo.png\",\"width\":127,\"height\":125,\"caption\":\"Casino Rust\"},\"image\":{\"@id\":\"https:\\\/\\\/casinorust.com\\\/#\\\/schema\\\/logo\\\/image\\\/\"}}]}<\/script>\n<!-- \/ Yoast SEO plugin. -->","yoast_head_json":{"title":"Casin\u00f2 - Casino Rust","robots":{"index":"index","follow":"follow","max-snippet":"max-snippet:-1","max-image-preview":"max-image-preview:large","max-video-preview":"max-video-preview:-1"},"canonical":"https:\/\/casinorust.com\/it\/casino\/","og_locale":"it_IT","og_type":"article","og_title":"Casin\u00f2 - Casino Rust","og_description":"Incredibili offerte di benvenuto da un&#8217;ampia selezione di casin\u00f2 che recensiamo attentamente. Accaparratevi un ottimo bonus e valutate i vostri casin\u00f2 preferiti. \u00c8 possibile sfruttare i tipi di post integrati nel tema per creare articoli di recensione che faranno un... Read more &raquo;","og_url":"https:\/\/casinorust.com\/it\/casino\/","og_site_name":"Casino Rust","article_modified_time":"2024-04-04T05:53:48+00:00","og_image":[{"width":1280,"height":850,"url":"https:\/\/casinorust.com\/wp-content\/uploads\/2017\/01\/cards-chips-photo.jpg","type":"image\/jpeg"}],"twitter_card":"summary_large_image","twitter_misc":{"Tempo di lettura stimato":"1 minuto"},"schema":{"@context":"https:\/\/schema.org","@graph":[{"@type":"WebPage","@id":"https:\/\/casinorust.com\/it\/casino\/","url":"https:\/\/casinorust.com\/it\/casino\/","name":"Casin\u00f2 - Casino Rust","isPartOf":{"@id":"https:\/\/casinorust.com\/#website"},"primaryImageOfPage":{"@id":"https:\/\/casinorust.com\/it\/casino\/#primaryimage"},"image":{"@id":"https:\/\/casinorust.com\/it\/casino\/#primaryimage"},"thumbnailUrl":"https:\/\/casinorust.com\/wp-content\/uploads\/2017\/01\/cards-chips-photo.jpg","datePublished":"2016-12-31T17:04:28+00:00","dateModified":"2024-04-04T05:53:48+00:00","breadcrumb":{"@id":"https:\/\/casinorust.com\/it\/casino\/#breadcrumb"},"inLanguage":"it-IT","potentialAction":[{"@type":"ReadAction","target":["https:\/\/casinorust.com\/it\/casino\/"]}]},{"@type":"ImageObject","inLanguage":"it-IT","@id":"https:\/\/casinorust.com\/it\/casino\/#primaryimage","url":"https:\/\/casinorust.com\/wp-content\/uploads\/2017\/01\/cards-chips-photo.jpg","contentUrl":"https:\/\/casinorust.com\/wp-content\/uploads\/2017\/01\/cards-chips-photo.jpg","width":1280,"height":850,"caption":"cards"},{"@type":"BreadcrumbList","@id":"https:\/\/casinorust.com\/it\/casino\/#breadcrumb","itemListElement":[{"@type":"ListItem","position":1,"name":"Home","item":"https:\/\/casinorust.com\/it\/"},{"@type":"ListItem","position":2,"name":"Casin\u00f2"}]},{"@type":"WebSite","@id":"https:\/\/casinorust.com\/#website","url":"https:\/\/casinorust.com\/","name":"Casino Rust","description":"","publisher":{"@id":"https:\/\/casinorust.com\/#organization"},"potentialAction":[{"@type":"SearchAction","target":{"@type":"EntryPoint","urlTemplate":"https:\/\/casinorust.com\/?s={search_term_string}"},"query-input":{"@type":"PropertyValueSpecification","valueRequired":true,"valueName":"search_term_string"}}],"inLanguage":"it-IT"},{"@type":"Organization","@id":"https:\/\/casinorust.com\/#organization","name":"Casino Rust","url":"https:\/\/casinorust.com\/","logo":{"@type":"ImageObject","inLanguage":"it-IT","@id":"https:\/\/casinorust.com\/#\/schema\/logo\/image\/","url":"https:\/\/casinorust.com\/wp-content\/uploads\/2024\/03\/logo.png","contentUrl":"https:\/\/casinorust.com\/wp-content\/uploads\/2024\/03\/logo.png","width":127,"height":125,"caption":"Casino Rust"},"image":{"@id":"https:\/\/casinorust.com\/#\/schema\/logo\/image\/"}}]}},"_links":{"self":[{"href":"https:\/\/casinorust.com\/it\/wp-json\/wp\/v2\/pages\/138447","targetHints":{"allow":["GET"]}}],"collection":[{"href":"https:\/\/casinorust.com\/it\/wp-json\/wp\/v2\/pages"}],"about":[{"href":"https:\/\/casinorust.com\/it\/wp-json\/wp\/v2\/types\/page"}],"author":[{"embeddable":true,"href":"https:\/\/casinorust.com\/it\/wp-json\/wp\/v2\/users\/1"}],"replies":[{"embeddable":true,"href":"https:\/\/casinorust.com\/it\/wp-json\/wp\/v2\/comments?post=138447"}],"version-history":[{"count":1,"href":"https:\/\/casinorust.com\/it\/wp-json\/wp\/v2\/pages\/138447\/revisions"}],"predecessor-version":[{"id":138660,"href":"https:\/\/casinorust.com\/it\/wp-json\/wp\/v2\/pages\/138447\/revisions\/138660"}],"wp:featuredmedia":[{"embeddable":true,"href":"https:\/\/casinorust.com\/it\/wp-json\/wp\/v2\/media\/138281"}],"wp:attachment":[{"href":"https:\/\/casinorust.com\/it\/wp-json\/wp\/v2\/media?parent=138447"}],"curies":[{"name":"wp","href":"https:\/\/api.w.org\/{rel}","templated":true}]}}