{"id":139519,"date":"2024-03-28T03:41:29","date_gmt":"2024-03-28T03:41:29","guid":{"rendered":"https:\/\/casinorust.com\/?page_id=139519"},"modified":"2024-04-07T10:33:02","modified_gmt":"2024-04-07T10:33:02","slug":"nutzungsbedingungen","status":"publish","type":"page","link":"https:\/\/casinorust.com\/Germany\/nutzungsbedingungen\/","title":{"rendered":"Nutzungsbedingungen"},"content":{"rendered":"<p><strong>Datum des Inkrafttretens: 27. M\u00e4rz 2024<\/strong><\/p>\n<p><strong>Einf\u00fchrung<\/strong><\/p>\n<p>Willkommen bei CasinoRust.com. Diese Allgemeinen Gesch\u00e4ftsbedingungen regeln Ihre Nutzung unserer Website und der damit verbundenen Dienste. Durch den Zugriff auf oder die Nutzung unserer Website erkl\u00e4ren Sie sich mit diesen Allgemeinen Gesch\u00e4ftsbedingungen und unserer Datenschutzrichtlinie einverstanden. Wenn Sie mit diesen Bedingungen nicht einverstanden sind, nutzen Sie unsere Website bitte nicht.<\/p>\n<p><strong>Leistungsbeschreibung<\/strong><\/p>\n<p>CasinoRust.com bietet Benutzern eine Plattform, auf der sie zum Spa\u00df verschiedene Spielautomatenspiele spielen und einzigartige Boni in verschiedenen Online-Casinos erhalten k\u00f6nnen. Bitte beachten Sie, dass wir keine Echtgeld-Gl\u00fccksspiele anbieten. Unsere Website dient ausschlie\u00dflich Unterhaltungs- und Informationszwecken.<\/p>\n<p><strong>Benutzerberechtigung<\/strong><\/p>\n<p>Die Dienste von CasinoRust.com richten sich ausschlie\u00dflich an Benutzer, die 18 Jahre oder \u00e4lter sind. Durch die Nutzung unserer Website erkl\u00e4ren und gew\u00e4hrleisten Sie, dass Sie vollj\u00e4hrig sind, um einen verbindlichen Vertrag abzuschlie\u00dfen, und alle oben genannten Teilnahmevoraussetzungen erf\u00fcllen.<\/p>\n<p><strong>Benutzerkonto<\/strong><\/p>\n<p>Um auf bestimmte Funktionen der Website zugreifen zu k\u00f6nnen, m\u00fcssen Sie m\u00f6glicherweise ein Konto erstellen. Sie erkl\u00e4ren sich damit einverstanden, w\u00e4hrend des Registrierungsprozesses genaue, aktuelle und vollst\u00e4ndige Informationen anzugeben und diese Informationen zu aktualisieren, um sie korrekt, aktuell und vollst\u00e4ndig zu halten.<\/p>\n<p><strong>Rechte an geistigem Eigentum<\/strong><\/p>\n<p>Alle Inhalte auf CasinoRust.com, einschlie\u00dflich Texte, Grafiken, Logos, Bilder sowie deren Zusammenstellung und jegliche auf der Website verwendete Software, sind Eigentum von CasinoRust.com oder seinen Lieferanten und durch Urheberrecht und andere Gesetze gesch\u00fctzt.<\/p>\n<p><strong>Verbotene Aktivit\u00e4ten<\/strong><\/p>\n<p>Es ist Ihnen untersagt, sich an den folgenden Aktivit\u00e4ten zu beteiligen: (a) der Versuch, sich unbefugten Zugriff auf unsere Systeme oder Netzwerke zu verschaffen, (b) die Durchf\u00fchrung illegaler Aktivit\u00e4ten, einschlie\u00dflich, aber nicht beschr\u00e4nkt auf, Betrug und Gl\u00fccksspiel, sofern dies verboten ist, (c) die Schaffung einer falschen Identit\u00e4t oder Ihre Identit\u00e4t falsch darstellen.<\/p>\n<p><strong>Gew\u00e4hrleistungsausschluss<\/strong><\/p>\n<p>Die Website und ihr Inhalt werden \u201ewie besehen\u201c bereitgestellt. CasinoRust.com \u00fcbernimmt keine Garantien oder Zusicherungen f\u00fcr die Richtigkeit oder Vollst\u00e4ndigkeit des Inhalts der Website.<\/p>\n<p><strong>Haftungsbeschr\u00e4nkung<\/strong><\/p>\n<p>In keinem Fall haften CasinoRust.com, seine leitenden Angestellten, Direktoren, Mitarbeiter oder Vertreter f\u00fcr direkte, indirekte, zuf\u00e4llige, besondere, Folgesch\u00e4den oder exemplarische Sch\u00e4den, die sich aus Ihrer Nutzung der Website ergeben.<\/p>\n<p><strong>Entsch\u00e4digung<\/strong><\/p>\n<p>Sie erkl\u00e4ren sich damit einverstanden, CasinoRust.com und seine verbundenen Unternehmen, leitenden Angestellten, Vertreter und Mitarbeiter von allen Anspr\u00fcchen, Klagen, Klagen oder Forderungen Dritter aufgrund Ihrer Nutzung der Website zu entsch\u00e4digen, zu verteidigen und schadlos zu halten.<\/p>\n<p><strong>\u00c4nderung der Bedingungen<\/strong><\/p>\n<p>CasinoRust.com beh\u00e4lt sich das Recht vor, diese Allgemeinen Gesch\u00e4ftsbedingungen jederzeit zu \u00e4ndern. Wir werden Sie \u00fcber alle \u00c4nderungen informieren, indem wir die neuen Allgemeinen Gesch\u00e4ftsbedingungen auf dieser Seite ver\u00f6ffentlichen.<\/p>\n<p><strong>Geltendes Recht<\/strong><\/p>\n<p>Diese Allgemeinen Gesch\u00e4ftsbedingungen unterliegen den Gesetzen der Gerichtsbarkeit, in der CasinoRust.com t\u00e4tig ist, und werden in \u00dcbereinstimmung mit diesen ausgelegt, ungeachtet etwaiger Kollisionsnormen.<\/p>\n<p><strong>Kontaktinformationen<\/strong><\/p>\n<p>Bei Fragen oder Bedenken bez\u00fcglich dieser Allgemeinen Gesch\u00e4ftsbedingungen kontaktieren Sie uns bitte unter support@casinorust.com.<\/p>\n","protected":false},"excerpt":{"rendered":"<p>Datum des Inkrafttretens: 27. M\u00e4rz 2024 Einf\u00fchrung Willkommen bei CasinoRust.com. Diese Allgemeinen Gesch\u00e4ftsbedingungen regeln Ihre Nutzung unserer Website und der damit verbundenen Dienste. Durch den Zugriff auf oder die Nutzung unserer Website erkl\u00e4ren Sie sich mit diesen Allgemeinen Gesch\u00e4ftsbedingungen und<a class=\"excerpt-read-more\" href=\"https:\/\/casinorust.com\/Germany\/nutzungsbedingungen\/\" title=\"ReadNutzungsbedingungen\">&#8230; Read more &raquo;<\/a><\/p>\n","protected":false},"author":1,"featured_media":139521,"parent":0,"menu_order":0,"comment_status":"closed","ping_status":"closed","template":"template-full-width.php","meta":{"footnotes":""},"class_list":["post-139519","page","type-page","status-publish","has-post-thumbnail","hentry","wp-sticky"],"acf":[],"yoast_head":"<!-- This site is optimized with the Yoast SEO plugin v27.3 - https:\/\/yoast.com\/product\/yoast-seo-wordpress\/ -->\n<title>Nutzungsbedingungen - Casino Rust<\/title>\n<meta name=\"robots\" content=\"index, follow, max-snippet:-1, max-image-preview:large, max-video-preview:-1\" \/>\n<link rel=\"canonical\" href=\"https:\/\/casinorust.com\/Germany\/nutzungsbedingungen\/\" \/>\n<meta property=\"og:locale\" content=\"de_DE\" \/>\n<meta property=\"og:type\" content=\"article\" \/>\n<meta property=\"og:title\" content=\"Nutzungsbedingungen - Casino Rust\" \/>\n<meta property=\"og:description\" content=\"Datum des Inkrafttretens: 27. M\u00e4rz 2024 Einf\u00fchrung Willkommen bei CasinoRust.com. Diese Allgemeinen Gesch\u00e4ftsbedingungen regeln Ihre Nutzung unserer Website und der damit verbundenen Dienste. Durch den Zugriff auf oder die Nutzung unserer Website erkl\u00e4ren Sie sich mit diesen Allgemeinen Gesch\u00e4ftsbedingungen und... Read more &raquo;\" \/>\n<meta property=\"og:url\" content=\"https:\/\/casinorust.com\/Germany\/nutzungsbedingungen\/\" \/>\n<meta property=\"og:site_name\" content=\"Casino Rust\" \/>\n<meta property=\"article:modified_time\" content=\"2024-04-07T10:33:02+00:00\" \/>\n<meta property=\"og:image\" content=\"https:\/\/casinorust.com\/wp-content\/uploads\/2017\/03\/Batman-and-the-Joker-Jewels-thumb.jpg\" \/>\n\t<meta property=\"og:image:width\" content=\"376\" \/>\n\t<meta property=\"og:image:height\" content=\"250\" \/>\n\t<meta property=\"og:image:type\" content=\"image\/jpeg\" \/>\n<meta name=\"twitter:card\" content=\"summary_large_image\" \/>\n<meta name=\"twitter:label1\" content=\"Est. reading time\" \/>\n\t<meta name=\"twitter:data1\" content=\"2 minutes\" \/>\n<script type=\"application\/ld+json\" class=\"yoast-schema-graph\">{\"@context\":\"https:\\\/\\\/schema.org\",\"@graph\":[{\"@type\":\"WebPage\",\"@id\":\"https:\\\/\\\/casinorust.com\\\/Germany\\\/nutzungsbedingungen\\\/\",\"url\":\"https:\\\/\\\/casinorust.com\\\/Germany\\\/nutzungsbedingungen\\\/\",\"name\":\"Nutzungsbedingungen - Casino Rust\",\"isPartOf\":{\"@id\":\"https:\\\/\\\/casinorust.com\\\/#website\"},\"primaryImageOfPage\":{\"@id\":\"https:\\\/\\\/casinorust.com\\\/Germany\\\/nutzungsbedingungen\\\/#primaryimage\"},\"image\":{\"@id\":\"https:\\\/\\\/casinorust.com\\\/Germany\\\/nutzungsbedingungen\\\/#primaryimage\"},\"thumbnailUrl\":\"https:\\\/\\\/casinorust.com\\\/wp-content\\\/uploads\\\/2017\\\/03\\\/Batman-and-the-Joker-Jewels-thumb.jpg\",\"datePublished\":\"2024-03-28T03:41:29+00:00\",\"dateModified\":\"2024-04-07T10:33:02+00:00\",\"breadcrumb\":{\"@id\":\"https:\\\/\\\/casinorust.com\\\/Germany\\\/nutzungsbedingungen\\\/#breadcrumb\"},\"inLanguage\":\"de\",\"potentialAction\":[{\"@type\":\"ReadAction\",\"target\":[\"https:\\\/\\\/casinorust.com\\\/Germany\\\/nutzungsbedingungen\\\/\"]}]},{\"@type\":\"ImageObject\",\"inLanguage\":\"de\",\"@id\":\"https:\\\/\\\/casinorust.com\\\/Germany\\\/nutzungsbedingungen\\\/#primaryimage\",\"url\":\"https:\\\/\\\/casinorust.com\\\/wp-content\\\/uploads\\\/2017\\\/03\\\/Batman-and-the-Joker-Jewels-thumb.jpg\",\"contentUrl\":\"https:\\\/\\\/casinorust.com\\\/wp-content\\\/uploads\\\/2017\\\/03\\\/Batman-and-the-Joker-Jewels-thumb.jpg\",\"width\":376,\"height\":250,\"caption\":\"Batman-and-the-Joker-Jewels-thumb\"},{\"@type\":\"BreadcrumbList\",\"@id\":\"https:\\\/\\\/casinorust.com\\\/Germany\\\/nutzungsbedingungen\\\/#breadcrumb\",\"itemListElement\":[{\"@type\":\"ListItem\",\"position\":1,\"name\":\"Home\",\"item\":\"https:\\\/\\\/casinorust.com\\\/Germany\\\/\"},{\"@type\":\"ListItem\",\"position\":2,\"name\":\"Nutzungsbedingungen\"}]},{\"@type\":\"WebSite\",\"@id\":\"https:\\\/\\\/casinorust.com\\\/#website\",\"url\":\"https:\\\/\\\/casinorust.com\\\/\",\"name\":\"Casino Rust\",\"description\":\"\",\"publisher\":{\"@id\":\"https:\\\/\\\/casinorust.com\\\/#organization\"},\"potentialAction\":[{\"@type\":\"SearchAction\",\"target\":{\"@type\":\"EntryPoint\",\"urlTemplate\":\"https:\\\/\\\/casinorust.com\\\/?s={search_term_string}\"},\"query-input\":{\"@type\":\"PropertyValueSpecification\",\"valueRequired\":true,\"valueName\":\"search_term_string\"}}],\"inLanguage\":\"de\"},{\"@type\":\"Organization\",\"@id\":\"https:\\\/\\\/casinorust.com\\\/#organization\",\"name\":\"Casino Rust\",\"url\":\"https:\\\/\\\/casinorust.com\\\/\",\"logo\":{\"@type\":\"ImageObject\",\"inLanguage\":\"de\",\"@id\":\"https:\\\/\\\/casinorust.com\\\/#\\\/schema\\\/logo\\\/image\\\/\",\"url\":\"https:\\\/\\\/casinorust.com\\\/wp-content\\\/uploads\\\/2024\\\/03\\\/logo.png\",\"contentUrl\":\"https:\\\/\\\/casinorust.com\\\/wp-content\\\/uploads\\\/2024\\\/03\\\/logo.png\",\"width\":127,\"height\":125,\"caption\":\"Casino Rust\"},\"image\":{\"@id\":\"https:\\\/\\\/casinorust.com\\\/#\\\/schema\\\/logo\\\/image\\\/\"}}]}<\/script>\n<!-- \/ Yoast SEO plugin. -->","yoast_head_json":{"title":"Nutzungsbedingungen - Casino Rust","robots":{"index":"index","follow":"follow","max-snippet":"max-snippet:-1","max-image-preview":"max-image-preview:large","max-video-preview":"max-video-preview:-1"},"canonical":"https:\/\/casinorust.com\/Germany\/nutzungsbedingungen\/","og_locale":"de_DE","og_type":"article","og_title":"Nutzungsbedingungen - Casino Rust","og_description":"Datum des Inkrafttretens: 27. M\u00e4rz 2024 Einf\u00fchrung Willkommen bei CasinoRust.com. Diese Allgemeinen Gesch\u00e4ftsbedingungen regeln Ihre Nutzung unserer Website und der damit verbundenen Dienste. Durch den Zugriff auf oder die Nutzung unserer Website erkl\u00e4ren Sie sich mit diesen Allgemeinen Gesch\u00e4ftsbedingungen und... Read more &raquo;","og_url":"https:\/\/casinorust.com\/Germany\/nutzungsbedingungen\/","og_site_name":"Casino Rust","article_modified_time":"2024-04-07T10:33:02+00:00","og_image":[{"width":376,"height":250,"url":"https:\/\/casinorust.com\/wp-content\/uploads\/2017\/03\/Batman-and-the-Joker-Jewels-thumb.jpg","type":"image\/jpeg"}],"twitter_card":"summary_large_image","twitter_misc":{"Est. reading time":"2 minutes"},"schema":{"@context":"https:\/\/schema.org","@graph":[{"@type":"WebPage","@id":"https:\/\/casinorust.com\/Germany\/nutzungsbedingungen\/","url":"https:\/\/casinorust.com\/Germany\/nutzungsbedingungen\/","name":"Nutzungsbedingungen - Casino Rust","isPartOf":{"@id":"https:\/\/casinorust.com\/#website"},"primaryImageOfPage":{"@id":"https:\/\/casinorust.com\/Germany\/nutzungsbedingungen\/#primaryimage"},"image":{"@id":"https:\/\/casinorust.com\/Germany\/nutzungsbedingungen\/#primaryimage"},"thumbnailUrl":"https:\/\/casinorust.com\/wp-content\/uploads\/2017\/03\/Batman-and-the-Joker-Jewels-thumb.jpg","datePublished":"2024-03-28T03:41:29+00:00","dateModified":"2024-04-07T10:33:02+00:00","breadcrumb":{"@id":"https:\/\/casinorust.com\/Germany\/nutzungsbedingungen\/#breadcrumb"},"inLanguage":"de","potentialAction":[{"@type":"ReadAction","target":["https:\/\/casinorust.com\/Germany\/nutzungsbedingungen\/"]}]},{"@type":"ImageObject","inLanguage":"de","@id":"https:\/\/casinorust.com\/Germany\/nutzungsbedingungen\/#primaryimage","url":"https:\/\/casinorust.com\/wp-content\/uploads\/2017\/03\/Batman-and-the-Joker-Jewels-thumb.jpg","contentUrl":"https:\/\/casinorust.com\/wp-content\/uploads\/2017\/03\/Batman-and-the-Joker-Jewels-thumb.jpg","width":376,"height":250,"caption":"Batman-and-the-Joker-Jewels-thumb"},{"@type":"BreadcrumbList","@id":"https:\/\/casinorust.com\/Germany\/nutzungsbedingungen\/#breadcrumb","itemListElement":[{"@type":"ListItem","position":1,"name":"Home","item":"https:\/\/casinorust.com\/Germany\/"},{"@type":"ListItem","position":2,"name":"Nutzungsbedingungen"}]},{"@type":"WebSite","@id":"https:\/\/casinorust.com\/#website","url":"https:\/\/casinorust.com\/","name":"Casino Rust","description":"","publisher":{"@id":"https:\/\/casinorust.com\/#organization"},"potentialAction":[{"@type":"SearchAction","target":{"@type":"EntryPoint","urlTemplate":"https:\/\/casinorust.com\/?s={search_term_string}"},"query-input":{"@type":"PropertyValueSpecification","valueRequired":true,"valueName":"search_term_string"}}],"inLanguage":"de"},{"@type":"Organization","@id":"https:\/\/casinorust.com\/#organization","name":"Casino Rust","url":"https:\/\/casinorust.com\/","logo":{"@type":"ImageObject","inLanguage":"de","@id":"https:\/\/casinorust.com\/#\/schema\/logo\/image\/","url":"https:\/\/casinorust.com\/wp-content\/uploads\/2024\/03\/logo.png","contentUrl":"https:\/\/casinorust.com\/wp-content\/uploads\/2024\/03\/logo.png","width":127,"height":125,"caption":"Casino Rust"},"image":{"@id":"https:\/\/casinorust.com\/#\/schema\/logo\/image\/"}}]}},"_links":{"self":[{"href":"https:\/\/casinorust.com\/Germany\/wp-json\/wp\/v2\/pages\/139519","targetHints":{"allow":["GET"]}}],"collection":[{"href":"https:\/\/casinorust.com\/Germany\/wp-json\/wp\/v2\/pages"}],"about":[{"href":"https:\/\/casinorust.com\/Germany\/wp-json\/wp\/v2\/types\/page"}],"author":[{"embeddable":true,"href":"https:\/\/casinorust.com\/Germany\/wp-json\/wp\/v2\/users\/1"}],"replies":[{"embeddable":true,"href":"https:\/\/casinorust.com\/Germany\/wp-json\/wp\/v2\/comments?post=139519"}],"version-history":[{"count":2,"href":"https:\/\/casinorust.com\/Germany\/wp-json\/wp\/v2\/pages\/139519\/revisions"}],"predecessor-version":[{"id":139523,"href":"https:\/\/casinorust.com\/Germany\/wp-json\/wp\/v2\/pages\/139519\/revisions\/139523"}],"wp:featuredmedia":[{"embeddable":true,"href":"https:\/\/casinorust.com\/Germany\/wp-json\/wp\/v2\/media\/139521"}],"wp:attachment":[{"href":"https:\/\/casinorust.com\/Germany\/wp-json\/wp\/v2\/media?parent=139519"}],"curies":[{"name":"wp","href":"https:\/\/api.w.org\/{rel}","templated":true}]}}