{"id":139126,"date":"2024-03-28T03:59:10","date_gmt":"2024-03-28T03:59:10","guid":{"rendered":"https:\/\/casinorust.com\/live-kasino\/"},"modified":"2024-03-28T03:59:10","modified_gmt":"2024-03-28T03:59:10","slug":"live-kasino","status":"publish","type":"page","link":"https:\/\/casinorust.com\/Germany\/live-kasino\/","title":{"rendered":"Live-Kasino"},"content":{"rendered":"<h2><b>Live-Kasino<\/b><\/h2>\n<p><span style=\"font-weight: 400;\">Ein Live-Casino ist eine Funktion, die von Online-Casinos angeboten wird und die es den Spielern erm\u00f6glicht, in Echtzeit mit Live-Dealern und anderen Spielern zu spielen und so die Erfahrung eines echten Casinos zu imitieren, allerdings bequem von zu Hause oder einem mobilen Ger\u00e4t aus. Diese Plattform nutzt die Videostreaming-Technologie, um die Spieler mit echten Dealern zu verbinden, die die Spiele wie in einem landbasierten Casino bedienen.<\/span><\/p>\n<h2><b>Verschiedene Spiele, die in Live-Casinos angeboten werden:<\/b><\/h2>\n<ol>\n<li style=\"font-weight: 400;\" aria-level=\"1\"><b>Live-Blackjack<\/b><span style=\"font-weight: 400;\">: Die Spieler k\u00f6nnen an verschiedenen Tischen Platz nehmen, darunter VIP-Optionen und Tische mit unterschiedlichen Einsatzlimits. Das Spiel folgt den klassischen Blackjack-Regeln, und die Spieler interagieren mit dem Dealer und manchmal auch mit anderen Spielern.<\/span><\/li>\n<li style=\"font-weight: 400;\" aria-level=\"1\"><b>Live-Roulette<\/b><span style=\"font-weight: 400;\">: Dazu geh\u00f6ren verschiedene Varianten wie das amerikanische, europ\u00e4ische und franz\u00f6sische Roulette. Die Spieler k\u00f6nnen beobachten, wie ein echter Dealer das Rouletterad dreht und die Kugel in Echtzeit fallen l\u00e4sst.<\/span><\/li>\n<li style=\"font-weight: 400;\" aria-level=\"1\"><b>Live Bakkarat<\/b><span style=\"font-weight: 400;\">: Live-Baccarat ist bei High-Rollern sehr beliebt und beh\u00e4lt die Eleganz und Einfachheit des traditionellen Spiels bei, wobei die Spieler auf den Bankier, den Spieler oder ein Unentschieden setzen.<\/span><\/li>\n<li style=\"font-weight: 400;\" aria-level=\"1\"><b>Live-Poker<\/b><span style=\"font-weight: 400;\">: Verschiedene Pokervarianten wie Casino Hold&#8217;em, Three Card Poker und Caribbean Stud sind verf\u00fcgbar und bieten den Spielern die M\u00f6glichkeit, in Echtzeit gegen den Dealer anzutreten.<\/span><\/li>\n<li style=\"font-weight: 400;\" aria-level=\"1\"><b>Live-Spiel-Shows<\/b><span style=\"font-weight: 400;\">: Zu diesen neueren Spielen geh\u00f6ren Titel wie Dream Catcher, Monopoly Live und Deal or No Deal. Sie bieten ein einzigartiges, spielshow\u00e4hnliches Erlebnis mit echten Moderatoren.<\/span><\/li>\n<li style=\"font-weight: 400;\" aria-level=\"1\"><b>Andere Spiele<\/b><span style=\"font-weight: 400;\">: Einige Live-Casinos bieten zus\u00e4tzliche Spiele wie Sic Bo, Craps und spezielle Blackjack- oder Roulette-Varianten an und bieten damit eine breite Palette von Optionen f\u00fcr verschiedene Spielertypen.<\/span><\/li>\n<\/ol>\n<h2><b>Die Aufregung der Live-Casino-Spiele:<\/b><\/h2>\n<p><span style=\"font-weight: 400;\">Live-Casinos bieten eine Mischung aus dem Komfort des Online-Spiels und der aufregenden Atmosph\u00e4re eines echten Casinos. Hier sind ein paar Gr\u00fcnde, warum sie spannend sind:<\/span><\/p>\n<ol>\n<li style=\"font-weight: 400;\" aria-level=\"1\"><b>Real-Time Interaktion<\/b><span style=\"font-weight: 400;\">: Die Spieler k\u00f6nnen mit den Dealern und manchmal auch mit anderen Spielern \u00fcber eine Chat-Funktion interagieren, was das Spielerlebnis pers\u00f6nlicher und ansprechender macht.<\/span><\/li>\n<li style=\"font-weight: 400;\" aria-level=\"1\"><b>Immersive Erfahrung<\/b><span style=\"font-weight: 400;\">: Durch hochwertige Videostreams und interaktive Funktionen haben die Spieler das Gef\u00fchl, an echten Spieltischen zu sitzen, was das Erlebnis noch spannender und authentischer macht.<\/span><\/li>\n<li style=\"font-weight: 400;\" aria-level=\"1\"><b>Transparenz<\/b><span style=\"font-weight: 400;\">: Zu sehen, wie das Spiel in Echtzeit mit echten Dealern abl\u00e4uft, kann eine Ebene des Vertrauens und der Authentizit\u00e4t hinzuf\u00fcgen, die manche Spieler bei normalen Online-Casinospielen vermissen.<\/span><\/li>\n<li style=\"font-weight: 400;\" aria-level=\"1\"><b>Bequemlichkeit<\/b><span style=\"font-weight: 400;\">: Die Spieler k\u00f6nnen den Nervenkitzel eines Live-Casinos erleben, ohne dass sie reisen, sich verkleiden oder sich an die \u00d6ffnungszeiten eines physischen Casinos halten m\u00fcssen.<\/span><\/li>\n<li style=\"font-weight: 400;\" aria-level=\"1\"><b>Vielfalt und Innovation<\/b><span style=\"font-weight: 400;\">: Da st\u00e4ndig neue Spiele und Varianten hinzukommen, haben die Spieler eine gro\u00dfe Auswahl und k\u00f6nnen neue und innovative Formate ausprobieren, die nur online verf\u00fcgbar sind.<\/span><\/li>\n<li style=\"font-weight: 400;\" aria-level=\"1\"><b>Soziales Element<\/b><span style=\"font-weight: 400;\">: Live-Casinos verf\u00fcgen oft \u00fcber ein soziales Element, das es den Spielern erm\u00f6glicht, miteinander und mit dem Dealer zu kommunizieren, was das Spielerlebnis noch angenehmer und fesselnder machen kann.<\/span><\/li>\n<\/ol>\n<p><span style=\"font-weight: 400;\">Insgesamt bieten Live-Casinos ein aufregendes und intensives Spielerlebnis, das die besten Aspekte von landbasierten und Online-Casinos kombiniert. Dieses Format ist besonders attraktiv f\u00fcr diejenigen, die die soziale Interaktion und Transparenz des traditionellen Casinospiels genie\u00dfen, aber die Zug\u00e4nglichkeit und den Komfort des Online-Spiels vorziehen.<\/span><\/p>\n","protected":false},"excerpt":{"rendered":"<p>Live-Kasino Ein Live-Casino ist eine Funktion, die von Online-Casinos angeboten wird und die es den Spielern erm\u00f6glicht, in Echtzeit mit Live-Dealern und anderen Spielern zu spielen und so die Erfahrung eines echten Casinos zu imitieren, allerdings bequem von zu Hause<a class=\"excerpt-read-more\" href=\"https:\/\/casinorust.com\/Germany\/live-kasino\/\" title=\"ReadLive-Kasino\">&#8230; Read more &raquo;<\/a><\/p>\n","protected":false},"author":1,"featured_media":139118,"parent":0,"menu_order":0,"comment_status":"closed","ping_status":"closed","template":"live-casino.php","meta":{"footnotes":""},"class_list":["post-139126","page","type-page","status-publish","has-post-thumbnail","hentry","wp-sticky"],"acf":[],"yoast_head":"<!-- This site is optimized with the Yoast SEO plugin v27.4 - https:\/\/yoast.com\/product\/yoast-seo-wordpress\/ -->\n<title>Live-Kasino - Casino Rust<\/title>\n<meta name=\"robots\" content=\"index, follow, max-snippet:-1, max-image-preview:large, max-video-preview:-1\" \/>\n<link rel=\"canonical\" href=\"https:\/\/casinorust.com\/Germany\/live-kasino\/\" \/>\n<meta property=\"og:locale\" content=\"de_DE\" \/>\n<meta property=\"og:type\" content=\"article\" \/>\n<meta property=\"og:title\" content=\"Live-Kasino - Casino Rust\" \/>\n<meta property=\"og:description\" content=\"Live-Kasino Ein Live-Casino ist eine Funktion, die von Online-Casinos angeboten wird und die es den Spielern erm\u00f6glicht, in Echtzeit mit Live-Dealern und anderen Spielern zu spielen und so die Erfahrung eines echten Casinos zu imitieren, allerdings bequem von zu Hause... Read more &raquo;\" \/>\n<meta property=\"og:url\" content=\"https:\/\/casinorust.com\/Germany\/live-kasino\/\" \/>\n<meta property=\"og:site_name\" content=\"Casino Rust\" \/>\n<meta property=\"og:image\" content=\"https:\/\/casinorust.com\/wp-content\/uploads\/2016\/01\/gonzos-quest-slot-game.jpg\" \/>\n\t<meta property=\"og:image:width\" content=\"1132\" \/>\n\t<meta property=\"og:image:height\" content=\"618\" \/>\n\t<meta property=\"og:image:type\" content=\"image\/jpeg\" \/>\n<meta name=\"twitter:card\" content=\"summary_large_image\" \/>\n<meta name=\"twitter:label1\" content=\"Est. reading time\" \/>\n\t<meta name=\"twitter:data1\" content=\"3 minutes\" \/>\n<script type=\"application\/ld+json\" class=\"yoast-schema-graph\">{\"@context\":\"https:\\\/\\\/schema.org\",\"@graph\":[{\"@type\":\"WebPage\",\"@id\":\"https:\\\/\\\/casinorust.com\\\/Germany\\\/live-kasino\\\/\",\"url\":\"https:\\\/\\\/casinorust.com\\\/Germany\\\/live-kasino\\\/\",\"name\":\"Live-Kasino - Casino Rust\",\"isPartOf\":{\"@id\":\"https:\\\/\\\/casinorust.com\\\/#website\"},\"primaryImageOfPage\":{\"@id\":\"https:\\\/\\\/casinorust.com\\\/Germany\\\/live-kasino\\\/#primaryimage\"},\"image\":{\"@id\":\"https:\\\/\\\/casinorust.com\\\/Germany\\\/live-kasino\\\/#primaryimage\"},\"thumbnailUrl\":\"https:\\\/\\\/casinorust.com\\\/wp-content\\\/uploads\\\/2016\\\/01\\\/gonzos-quest-slot-game.jpg\",\"datePublished\":\"2024-03-28T03:59:10+00:00\",\"breadcrumb\":{\"@id\":\"https:\\\/\\\/casinorust.com\\\/Germany\\\/live-kasino\\\/#breadcrumb\"},\"inLanguage\":\"de\",\"potentialAction\":[{\"@type\":\"ReadAction\",\"target\":[\"https:\\\/\\\/casinorust.com\\\/Germany\\\/live-kasino\\\/\"]}]},{\"@type\":\"ImageObject\",\"inLanguage\":\"de\",\"@id\":\"https:\\\/\\\/casinorust.com\\\/Germany\\\/live-kasino\\\/#primaryimage\",\"url\":\"https:\\\/\\\/casinorust.com\\\/wp-content\\\/uploads\\\/2016\\\/01\\\/gonzos-quest-slot-game.jpg\",\"contentUrl\":\"https:\\\/\\\/casinorust.com\\\/wp-content\\\/uploads\\\/2016\\\/01\\\/gonzos-quest-slot-game.jpg\",\"width\":1132,\"height\":618,\"caption\":\"gonzos-quest-slot-game\"},{\"@type\":\"BreadcrumbList\",\"@id\":\"https:\\\/\\\/casinorust.com\\\/Germany\\\/live-kasino\\\/#breadcrumb\",\"itemListElement\":[{\"@type\":\"ListItem\",\"position\":1,\"name\":\"Home\",\"item\":\"https:\\\/\\\/casinorust.com\\\/Germany\\\/\"},{\"@type\":\"ListItem\",\"position\":2,\"name\":\"Live-Kasino\"}]},{\"@type\":\"WebSite\",\"@id\":\"https:\\\/\\\/casinorust.com\\\/#website\",\"url\":\"https:\\\/\\\/casinorust.com\\\/\",\"name\":\"Casino Rust\",\"description\":\"\",\"publisher\":{\"@id\":\"https:\\\/\\\/casinorust.com\\\/#organization\"},\"potentialAction\":[{\"@type\":\"SearchAction\",\"target\":{\"@type\":\"EntryPoint\",\"urlTemplate\":\"https:\\\/\\\/casinorust.com\\\/?s={search_term_string}\"},\"query-input\":{\"@type\":\"PropertyValueSpecification\",\"valueRequired\":true,\"valueName\":\"search_term_string\"}}],\"inLanguage\":\"de\"},{\"@type\":\"Organization\",\"@id\":\"https:\\\/\\\/casinorust.com\\\/#organization\",\"name\":\"Casino Rust\",\"url\":\"https:\\\/\\\/casinorust.com\\\/\",\"logo\":{\"@type\":\"ImageObject\",\"inLanguage\":\"de\",\"@id\":\"https:\\\/\\\/casinorust.com\\\/#\\\/schema\\\/logo\\\/image\\\/\",\"url\":\"https:\\\/\\\/casinorust.com\\\/wp-content\\\/uploads\\\/2024\\\/03\\\/logo.png\",\"contentUrl\":\"https:\\\/\\\/casinorust.com\\\/wp-content\\\/uploads\\\/2024\\\/03\\\/logo.png\",\"width\":127,\"height\":125,\"caption\":\"Casino Rust\"},\"image\":{\"@id\":\"https:\\\/\\\/casinorust.com\\\/#\\\/schema\\\/logo\\\/image\\\/\"}}]}<\/script>\n<!-- \/ Yoast SEO plugin. -->","yoast_head_json":{"title":"Live-Kasino - Casino Rust","robots":{"index":"index","follow":"follow","max-snippet":"max-snippet:-1","max-image-preview":"max-image-preview:large","max-video-preview":"max-video-preview:-1"},"canonical":"https:\/\/casinorust.com\/Germany\/live-kasino\/","og_locale":"de_DE","og_type":"article","og_title":"Live-Kasino - Casino Rust","og_description":"Live-Kasino Ein Live-Casino ist eine Funktion, die von Online-Casinos angeboten wird und die es den Spielern erm\u00f6glicht, in Echtzeit mit Live-Dealern und anderen Spielern zu spielen und so die Erfahrung eines echten Casinos zu imitieren, allerdings bequem von zu Hause... Read more &raquo;","og_url":"https:\/\/casinorust.com\/Germany\/live-kasino\/","og_site_name":"Casino Rust","og_image":[{"width":1132,"height":618,"url":"https:\/\/casinorust.com\/wp-content\/uploads\/2016\/01\/gonzos-quest-slot-game.jpg","type":"image\/jpeg"}],"twitter_card":"summary_large_image","twitter_misc":{"Est. reading time":"3 minutes"},"schema":{"@context":"https:\/\/schema.org","@graph":[{"@type":"WebPage","@id":"https:\/\/casinorust.com\/Germany\/live-kasino\/","url":"https:\/\/casinorust.com\/Germany\/live-kasino\/","name":"Live-Kasino - Casino Rust","isPartOf":{"@id":"https:\/\/casinorust.com\/#website"},"primaryImageOfPage":{"@id":"https:\/\/casinorust.com\/Germany\/live-kasino\/#primaryimage"},"image":{"@id":"https:\/\/casinorust.com\/Germany\/live-kasino\/#primaryimage"},"thumbnailUrl":"https:\/\/casinorust.com\/wp-content\/uploads\/2016\/01\/gonzos-quest-slot-game.jpg","datePublished":"2024-03-28T03:59:10+00:00","breadcrumb":{"@id":"https:\/\/casinorust.com\/Germany\/live-kasino\/#breadcrumb"},"inLanguage":"de","potentialAction":[{"@type":"ReadAction","target":["https:\/\/casinorust.com\/Germany\/live-kasino\/"]}]},{"@type":"ImageObject","inLanguage":"de","@id":"https:\/\/casinorust.com\/Germany\/live-kasino\/#primaryimage","url":"https:\/\/casinorust.com\/wp-content\/uploads\/2016\/01\/gonzos-quest-slot-game.jpg","contentUrl":"https:\/\/casinorust.com\/wp-content\/uploads\/2016\/01\/gonzos-quest-slot-game.jpg","width":1132,"height":618,"caption":"gonzos-quest-slot-game"},{"@type":"BreadcrumbList","@id":"https:\/\/casinorust.com\/Germany\/live-kasino\/#breadcrumb","itemListElement":[{"@type":"ListItem","position":1,"name":"Home","item":"https:\/\/casinorust.com\/Germany\/"},{"@type":"ListItem","position":2,"name":"Live-Kasino"}]},{"@type":"WebSite","@id":"https:\/\/casinorust.com\/#website","url":"https:\/\/casinorust.com\/","name":"Casino Rust","description":"","publisher":{"@id":"https:\/\/casinorust.com\/#organization"},"potentialAction":[{"@type":"SearchAction","target":{"@type":"EntryPoint","urlTemplate":"https:\/\/casinorust.com\/?s={search_term_string}"},"query-input":{"@type":"PropertyValueSpecification","valueRequired":true,"valueName":"search_term_string"}}],"inLanguage":"de"},{"@type":"Organization","@id":"https:\/\/casinorust.com\/#organization","name":"Casino Rust","url":"https:\/\/casinorust.com\/","logo":{"@type":"ImageObject","inLanguage":"de","@id":"https:\/\/casinorust.com\/#\/schema\/logo\/image\/","url":"https:\/\/casinorust.com\/wp-content\/uploads\/2024\/03\/logo.png","contentUrl":"https:\/\/casinorust.com\/wp-content\/uploads\/2024\/03\/logo.png","width":127,"height":125,"caption":"Casino Rust"},"image":{"@id":"https:\/\/casinorust.com\/#\/schema\/logo\/image\/"}}]}},"_links":{"self":[{"href":"https:\/\/casinorust.com\/Germany\/wp-json\/wp\/v2\/pages\/139126","targetHints":{"allow":["GET"]}}],"collection":[{"href":"https:\/\/casinorust.com\/Germany\/wp-json\/wp\/v2\/pages"}],"about":[{"href":"https:\/\/casinorust.com\/Germany\/wp-json\/wp\/v2\/types\/page"}],"author":[{"embeddable":true,"href":"https:\/\/casinorust.com\/Germany\/wp-json\/wp\/v2\/users\/1"}],"replies":[{"embeddable":true,"href":"https:\/\/casinorust.com\/Germany\/wp-json\/wp\/v2\/comments?post=139126"}],"version-history":[{"count":0,"href":"https:\/\/casinorust.com\/Germany\/wp-json\/wp\/v2\/pages\/139126\/revisions"}],"wp:featuredmedia":[{"embeddable":true,"href":"https:\/\/casinorust.com\/Germany\/wp-json\/wp\/v2\/media\/139118"}],"wp:attachment":[{"href":"https:\/\/casinorust.com\/Germany\/wp-json\/wp\/v2\/media?parent=139126"}],"curies":[{"name":"wp","href":"https:\/\/api.w.org\/{rel}","templated":true}]}}