{"id":139113,"date":"2016-12-31T17:04:28","date_gmt":"2016-12-31T17:04:28","guid":{"rendered":"https:\/\/casinorust.com\/kasinos\/"},"modified":"2016-12-31T17:04:28","modified_gmt":"2016-12-31T17:04:28","slug":"kasinos","status":"publish","type":"page","link":"https:\/\/casinorust.com\/Germany\/kasinos\/","title":{"rendered":"Kasinos"},"content":{"rendered":"<p>Erstaunliche Willkommensangebote von einer gro\u00dfen Auswahl an Casinos, die wir sorgf\u00e4ltig pr\u00fcfen. Holen Sie sich einen tollen Bonus und bewerten Sie Ihre Lieblings-Casinos.<\/p>\n<p>Sie k\u00f6nnen die Vorteile der <strong>eingebauten Casino-Post-Typen<\/strong> des Themas nutzen, um Artikel zu erstellen, die eine bessere Arbeit leisten als jedes <a href=\"https:\/\/VegasHero.co\">Casino-Review-Plugin<\/a>, das Sie derzeit kaufen k\u00f6nnen. Diese Casino-Beitr\u00e4ge sind wundersch\u00f6n gestaltet und verf\u00fcgen \u00fcber benutzerdefinierte Felder, in denen Sie ein Casino-Logo, Bonusinformationen, Bewertungen (\u00fcber das WP-Reviews-Plugin) und eine CTA-Schaltfl\u00e4che mit Ihrem Partnerlink anzeigen k\u00f6nnen.<\/p>\n<p>Webtwo ipsum dolor sit amet, eskobo chumby doostang bebo. Ngmoco fleck revver oooooc imeem dopplr sococo gsnap squidoo, voxy nuvvo eduvant imeem oooj meevee zapier vimeo, plickers jiglu zinch plickers oovoo oooj ngmoco blekko.<\/p>\n<p>Vuvox blyve ifttt waze spotify oovoo divvyshot akismet geni, twitter oovoo kno plugg yoono oovoo knewton ning meebo, orkut voxy plaxo zooomr insala vimeo octopart.<\/p>\n","protected":false},"excerpt":{"rendered":"<p>Erstaunliche Willkommensangebote von einer gro\u00dfen Auswahl an Casinos, die wir sorgf\u00e4ltig pr\u00fcfen. Holen Sie sich einen tollen Bonus und bewerten Sie Ihre Lieblings-Casinos. Sie k\u00f6nnen die Vorteile der eingebauten Casino-Post-Typen des Themas nutzen, um Artikel zu erstellen, die eine bessere<a class=\"excerpt-read-more\" href=\"https:\/\/casinorust.com\/Germany\/kasinos\/\" title=\"ReadKasinos\">&#8230; Read more &raquo;<\/a><\/p>\n","protected":false},"author":1,"featured_media":139114,"parent":0,"menu_order":0,"comment_status":"closed","ping_status":"closed","template":"casino-grid-template.php","meta":{"footnotes":""},"class_list":["post-139113","page","type-page","status-publish","has-post-thumbnail","hentry","wp-sticky"],"acf":[],"yoast_head":"<!-- This site is optimized with the Yoast SEO plugin v27.4 - https:\/\/yoast.com\/product\/yoast-seo-wordpress\/ -->\n<title>Kasinos - Casino Rust<\/title>\n<meta name=\"robots\" content=\"index, follow, max-snippet:-1, max-image-preview:large, max-video-preview:-1\" \/>\n<link rel=\"canonical\" href=\"https:\/\/casinorust.com\/Germany\/kasinos\/\" \/>\n<meta property=\"og:locale\" content=\"de_DE\" \/>\n<meta property=\"og:type\" content=\"article\" \/>\n<meta property=\"og:title\" content=\"Kasinos - Casino Rust\" \/>\n<meta property=\"og:description\" content=\"Erstaunliche Willkommensangebote von einer gro\u00dfen Auswahl an Casinos, die wir sorgf\u00e4ltig pr\u00fcfen. Holen Sie sich einen tollen Bonus und bewerten Sie Ihre Lieblings-Casinos. Sie k\u00f6nnen die Vorteile der eingebauten Casino-Post-Typen des Themas nutzen, um Artikel zu erstellen, die eine bessere... Read more &raquo;\" \/>\n<meta property=\"og:url\" content=\"https:\/\/casinorust.com\/Germany\/kasinos\/\" \/>\n<meta property=\"og:site_name\" content=\"Casino Rust\" \/>\n<meta property=\"og:image\" content=\"https:\/\/casinorust.com\/wp-content\/uploads\/2017\/01\/cards-chips-photo.jpg\" \/>\n\t<meta property=\"og:image:width\" content=\"1280\" \/>\n\t<meta property=\"og:image:height\" content=\"850\" \/>\n\t<meta property=\"og:image:type\" content=\"image\/jpeg\" \/>\n<meta name=\"twitter:card\" content=\"summary_large_image\" \/>\n<meta name=\"twitter:label1\" content=\"Est. reading time\" \/>\n\t<meta name=\"twitter:data1\" content=\"1 minute\" \/>\n<script type=\"application\/ld+json\" class=\"yoast-schema-graph\">{\"@context\":\"https:\\\/\\\/schema.org\",\"@graph\":[{\"@type\":\"WebPage\",\"@id\":\"https:\\\/\\\/casinorust.com\\\/Germany\\\/kasinos\\\/\",\"url\":\"https:\\\/\\\/casinorust.com\\\/Germany\\\/kasinos\\\/\",\"name\":\"Kasinos - Casino Rust\",\"isPartOf\":{\"@id\":\"https:\\\/\\\/casinorust.com\\\/#website\"},\"primaryImageOfPage\":{\"@id\":\"https:\\\/\\\/casinorust.com\\\/Germany\\\/kasinos\\\/#primaryimage\"},\"image\":{\"@id\":\"https:\\\/\\\/casinorust.com\\\/Germany\\\/kasinos\\\/#primaryimage\"},\"thumbnailUrl\":\"https:\\\/\\\/casinorust.com\\\/wp-content\\\/uploads\\\/2017\\\/01\\\/cards-chips-photo.jpg\",\"datePublished\":\"2016-12-31T17:04:28+00:00\",\"breadcrumb\":{\"@id\":\"https:\\\/\\\/casinorust.com\\\/Germany\\\/kasinos\\\/#breadcrumb\"},\"inLanguage\":\"de\",\"potentialAction\":[{\"@type\":\"ReadAction\",\"target\":[\"https:\\\/\\\/casinorust.com\\\/Germany\\\/kasinos\\\/\"]}]},{\"@type\":\"ImageObject\",\"inLanguage\":\"de\",\"@id\":\"https:\\\/\\\/casinorust.com\\\/Germany\\\/kasinos\\\/#primaryimage\",\"url\":\"https:\\\/\\\/casinorust.com\\\/wp-content\\\/uploads\\\/2017\\\/01\\\/cards-chips-photo.jpg\",\"contentUrl\":\"https:\\\/\\\/casinorust.com\\\/wp-content\\\/uploads\\\/2017\\\/01\\\/cards-chips-photo.jpg\",\"width\":1280,\"height\":850,\"caption\":\"cards\"},{\"@type\":\"BreadcrumbList\",\"@id\":\"https:\\\/\\\/casinorust.com\\\/Germany\\\/kasinos\\\/#breadcrumb\",\"itemListElement\":[{\"@type\":\"ListItem\",\"position\":1,\"name\":\"Home\",\"item\":\"https:\\\/\\\/casinorust.com\\\/Germany\\\/\"},{\"@type\":\"ListItem\",\"position\":2,\"name\":\"Kasinos\"}]},{\"@type\":\"WebSite\",\"@id\":\"https:\\\/\\\/casinorust.com\\\/#website\",\"url\":\"https:\\\/\\\/casinorust.com\\\/\",\"name\":\"Casino Rust\",\"description\":\"\",\"publisher\":{\"@id\":\"https:\\\/\\\/casinorust.com\\\/#organization\"},\"potentialAction\":[{\"@type\":\"SearchAction\",\"target\":{\"@type\":\"EntryPoint\",\"urlTemplate\":\"https:\\\/\\\/casinorust.com\\\/?s={search_term_string}\"},\"query-input\":{\"@type\":\"PropertyValueSpecification\",\"valueRequired\":true,\"valueName\":\"search_term_string\"}}],\"inLanguage\":\"de\"},{\"@type\":\"Organization\",\"@id\":\"https:\\\/\\\/casinorust.com\\\/#organization\",\"name\":\"Casino Rust\",\"url\":\"https:\\\/\\\/casinorust.com\\\/\",\"logo\":{\"@type\":\"ImageObject\",\"inLanguage\":\"de\",\"@id\":\"https:\\\/\\\/casinorust.com\\\/#\\\/schema\\\/logo\\\/image\\\/\",\"url\":\"https:\\\/\\\/casinorust.com\\\/wp-content\\\/uploads\\\/2024\\\/03\\\/logo.png\",\"contentUrl\":\"https:\\\/\\\/casinorust.com\\\/wp-content\\\/uploads\\\/2024\\\/03\\\/logo.png\",\"width\":127,\"height\":125,\"caption\":\"Casino Rust\"},\"image\":{\"@id\":\"https:\\\/\\\/casinorust.com\\\/#\\\/schema\\\/logo\\\/image\\\/\"}}]}<\/script>\n<!-- \/ Yoast SEO plugin. -->","yoast_head_json":{"title":"Kasinos - Casino Rust","robots":{"index":"index","follow":"follow","max-snippet":"max-snippet:-1","max-image-preview":"max-image-preview:large","max-video-preview":"max-video-preview:-1"},"canonical":"https:\/\/casinorust.com\/Germany\/kasinos\/","og_locale":"de_DE","og_type":"article","og_title":"Kasinos - Casino Rust","og_description":"Erstaunliche Willkommensangebote von einer gro\u00dfen Auswahl an Casinos, die wir sorgf\u00e4ltig pr\u00fcfen. Holen Sie sich einen tollen Bonus und bewerten Sie Ihre Lieblings-Casinos. Sie k\u00f6nnen die Vorteile der eingebauten Casino-Post-Typen des Themas nutzen, um Artikel zu erstellen, die eine bessere... Read more &raquo;","og_url":"https:\/\/casinorust.com\/Germany\/kasinos\/","og_site_name":"Casino Rust","og_image":[{"width":1280,"height":850,"url":"https:\/\/casinorust.com\/wp-content\/uploads\/2017\/01\/cards-chips-photo.jpg","type":"image\/jpeg"}],"twitter_card":"summary_large_image","twitter_misc":{"Est. reading time":"1 minute"},"schema":{"@context":"https:\/\/schema.org","@graph":[{"@type":"WebPage","@id":"https:\/\/casinorust.com\/Germany\/kasinos\/","url":"https:\/\/casinorust.com\/Germany\/kasinos\/","name":"Kasinos - Casino Rust","isPartOf":{"@id":"https:\/\/casinorust.com\/#website"},"primaryImageOfPage":{"@id":"https:\/\/casinorust.com\/Germany\/kasinos\/#primaryimage"},"image":{"@id":"https:\/\/casinorust.com\/Germany\/kasinos\/#primaryimage"},"thumbnailUrl":"https:\/\/casinorust.com\/wp-content\/uploads\/2017\/01\/cards-chips-photo.jpg","datePublished":"2016-12-31T17:04:28+00:00","breadcrumb":{"@id":"https:\/\/casinorust.com\/Germany\/kasinos\/#breadcrumb"},"inLanguage":"de","potentialAction":[{"@type":"ReadAction","target":["https:\/\/casinorust.com\/Germany\/kasinos\/"]}]},{"@type":"ImageObject","inLanguage":"de","@id":"https:\/\/casinorust.com\/Germany\/kasinos\/#primaryimage","url":"https:\/\/casinorust.com\/wp-content\/uploads\/2017\/01\/cards-chips-photo.jpg","contentUrl":"https:\/\/casinorust.com\/wp-content\/uploads\/2017\/01\/cards-chips-photo.jpg","width":1280,"height":850,"caption":"cards"},{"@type":"BreadcrumbList","@id":"https:\/\/casinorust.com\/Germany\/kasinos\/#breadcrumb","itemListElement":[{"@type":"ListItem","position":1,"name":"Home","item":"https:\/\/casinorust.com\/Germany\/"},{"@type":"ListItem","position":2,"name":"Kasinos"}]},{"@type":"WebSite","@id":"https:\/\/casinorust.com\/#website","url":"https:\/\/casinorust.com\/","name":"Casino Rust","description":"","publisher":{"@id":"https:\/\/casinorust.com\/#organization"},"potentialAction":[{"@type":"SearchAction","target":{"@type":"EntryPoint","urlTemplate":"https:\/\/casinorust.com\/?s={search_term_string}"},"query-input":{"@type":"PropertyValueSpecification","valueRequired":true,"valueName":"search_term_string"}}],"inLanguage":"de"},{"@type":"Organization","@id":"https:\/\/casinorust.com\/#organization","name":"Casino Rust","url":"https:\/\/casinorust.com\/","logo":{"@type":"ImageObject","inLanguage":"de","@id":"https:\/\/casinorust.com\/#\/schema\/logo\/image\/","url":"https:\/\/casinorust.com\/wp-content\/uploads\/2024\/03\/logo.png","contentUrl":"https:\/\/casinorust.com\/wp-content\/uploads\/2024\/03\/logo.png","width":127,"height":125,"caption":"Casino Rust"},"image":{"@id":"https:\/\/casinorust.com\/#\/schema\/logo\/image\/"}}]}},"_links":{"self":[{"href":"https:\/\/casinorust.com\/Germany\/wp-json\/wp\/v2\/pages\/139113","targetHints":{"allow":["GET"]}}],"collection":[{"href":"https:\/\/casinorust.com\/Germany\/wp-json\/wp\/v2\/pages"}],"about":[{"href":"https:\/\/casinorust.com\/Germany\/wp-json\/wp\/v2\/types\/page"}],"author":[{"embeddable":true,"href":"https:\/\/casinorust.com\/Germany\/wp-json\/wp\/v2\/users\/1"}],"replies":[{"embeddable":true,"href":"https:\/\/casinorust.com\/Germany\/wp-json\/wp\/v2\/comments?post=139113"}],"version-history":[{"count":0,"href":"https:\/\/casinorust.com\/Germany\/wp-json\/wp\/v2\/pages\/139113\/revisions"}],"wp:featuredmedia":[{"embeddable":true,"href":"https:\/\/casinorust.com\/Germany\/wp-json\/wp\/v2\/media\/139114"}],"wp:attachment":[{"href":"https:\/\/casinorust.com\/Germany\/wp-json\/wp\/v2\/media?parent=139113"}],"curies":[{"name":"wp","href":"https:\/\/api.w.org\/{rel}","templated":true}]}}